{"id":23947,"date":"2024-10-16T09:15:37","date_gmt":"2024-10-16T09:15:37","guid":{"rendered":"https:\/\/www.isdi.education\/mx\/?page_id=23947"},"modified":"2026-01-26T20:13:25","modified_gmt":"2026-01-26T20:13:25","slug":"campus","status":"publish","type":"page","link":"https:\/\/www.isdi.education\/mx\/campus","title":{"rendered":"Campus"},"content":{"rendered":"\t\t<div data-elementor-type=\"wp-page\" data-elementor-id=\"23947\" class=\"elementor elementor-23947\" data-elementor-post-type=\"page\">\n\t\t\t\t<div class=\"elementor-element elementor-element-4f61768 e-flex e-con-boxed e-con e-parent\" data-id=\"4f61768\" data-element_type=\"container\">\n\t\t\t\t\t<div class=\"e-con-inner\">\n\t\t\t\t<div class=\"elementor-element elementor-element-f4996ee elementor-widget elementor-widget-heading\" data-id=\"f4996ee\" data-element_type=\"widget\" data-widget_type=\"heading.default\">\n\t\t\t\t<div class=\"elementor-widget-container\">\n\t\t\t\t\t<h2 class=\"elementor-heading-title elementor-size-default\">Accede al <span class=\"redIsdi\">\u2039campus\u203a<\/span><\/h2>\t\t\t\t<\/div>\n\t\t\t\t<\/div>\n\t\t\t\t<div class=\"elementor-element elementor-element-9a07104 elementor-widget elementor-widget-spacer\" data-id=\"9a07104\" data-element_type=\"widget\" data-widget_type=\"spacer.default\">\n\t\t\t\t<div class=\"elementor-widget-container\">\n\t\t\t\t\t\t\t<div class=\"elementor-spacer\">\n\t\t\t<div class=\"elementor-spacer-inner\"><\/div>\n\t\t<\/div>\n\t\t\t\t\t\t<\/div>\n\t\t\t\t<\/div>\n\t\t<div class=\"elementor-element elementor-element-876b3bd e-con-full e-flex e-con e-child\" data-id=\"876b3bd\" data-element_type=\"container\">\n\t\t<div class=\"elementor-element elementor-element-259be47 e-con-full e-flex e-con e-child\" data-id=\"259be47\" data-element_type=\"container\">\n\t\t\t\t<div class=\"elementor-element elementor-element-5af675f elementor-widget elementor-widget-heading\" data-id=\"5af675f\" data-element_type=\"widget\" data-widget_type=\"heading.default\">\n\t\t\t\t<div class=\"elementor-widget-container\">\n\t\t\t\t\t<p class=\"elementor-heading-title elementor-size-default\">Si tienes un mail ISDI<\/p>\t\t\t\t<\/div>\n\t\t\t\t<\/div>\n\t\t\t\t<div class=\"elementor-element elementor-element-2b3b52a elementor-align-center elementor-widget elementor-widget-button\" data-id=\"2b3b52a\" data-element_type=\"widget\" data-widget_type=\"button.default\">\n\t\t\t\t<div class=\"elementor-widget-container\">\n\t\t\t\t\t\t\t\t\t<div class=\"elementor-button-wrapper\">\n\t\t\t\t\t<a class=\"elementor-button elementor-button-link elementor-size-sm\" href=\"http:\/\/isdi.instructure.com\/login\/saml?_ga=2.106267781.704575919.1618417772-1508964976.1614786131\">\n\t\t\t\t\t\t<span class=\"elementor-button-content-wrapper\">\n\t\t\t\t\t\t\t\t\t<span class=\"elementor-button-text\">Accede con cuenta de ISDI<\/span>\n\t\t\t\t\t<\/span>\n\t\t\t\t\t<\/a>\n\t\t\t\t<\/div>\n\t\t\t\t\t\t\t\t<\/div>\n\t\t\t\t<\/div>\n\t\t\t\t<\/div>\n\t\t<div class=\"elementor-element elementor-element-c8115f7 e-con-full e-flex e-con e-child\" data-id=\"c8115f7\" data-element_type=\"container\">\n\t\t\t\t<div class=\"elementor-element elementor-element-88da34d elementor-widget elementor-widget-heading\" data-id=\"88da34d\" data-element_type=\"widget\" data-widget_type=\"heading.default\">\n\t\t\t\t<div class=\"elementor-widget-container\">\n\t\t\t\t\t<p class=\"elementor-heading-title elementor-size-default\">Otros cursos<\/p>\t\t\t\t<\/div>\n\t\t\t\t<\/div>\n\t\t\t\t<div class=\"elementor-element elementor-element-b3767de elementor-align-center elementor-widget elementor-widget-button\" data-id=\"b3767de\" data-element_type=\"widget\" data-widget_type=\"button.default\">\n\t\t\t\t<div class=\"elementor-widget-container\">\n\t\t\t\t\t\t\t\t\t<div class=\"elementor-button-wrapper\">\n\t\t\t\t\t<a class=\"elementor-button elementor-button-link elementor-size-sm\" href=\"http:\/\/isdi.instructure.com\/login\/canvas?_ga=2.84599967.704575919.1618417772-1508964976.1614786131\">\n\t\t\t\t\t\t<span class=\"elementor-button-content-wrapper\">\n\t\t\t\t\t\t\t\t\t<span class=\"elementor-button-text\">Accede con una cuenta personal<\/span>\n\t\t\t\t\t<\/span>\n\t\t\t\t\t<\/a>\n\t\t\t\t<\/div>\n\t\t\t\t\t\t\t\t<\/div>\n\t\t\t\t<\/div>\n\t\t\t\t<\/div>\n\t\t\t\t<\/div>\n\t\t\t\t<div class=\"elementor-element elementor-element-9af2d74 elementor-widget elementor-widget-heading\" data-id=\"9af2d74\" data-element_type=\"widget\" data-widget_type=\"heading.default\">\n\t\t\t\t<div class=\"elementor-widget-container\">\n\t\t\t\t\t<p class=\"elementor-heading-title elementor-size-default\"><a href=\"mailto:campus@isdi.education\">\u00bfProblemas para acceder?<\/a><\/p>\t\t\t\t<\/div>\n\t\t\t\t<\/div>\n\t\t\t\t\t<\/div>\n\t\t\t\t<\/div>\n\t\t\t\t<\/div>\n\t\t","protected":false},"excerpt":{"rendered":"<p>Accede al \u2039campus\u203a Si tienes un mail ISDI Accede con cuenta de ISDI Otros cursos Accede con una cuenta personal \u00bfProblemas para acceder?<\/p>\n","protected":false},"author":5,"featured_media":0,"parent":0,"menu_order":0,"comment_status":"closed","ping_status":"closed","template":"","meta":{"_acf_changed":false,"footnotes":""},"class_list":["post-23947","page","type-page","status-publish","hentry"],"acf":[],"yoast_head":"<!-- This site is optimized with the Yoast SEO plugin v26.4 - https:\/\/yoast.com\/wordpress\/plugins\/seo\/ -->\n<title>Campus - ISDI Mexico<\/title>\n<meta name=\"robots\" content=\"index, follow, max-snippet:-1, max-image-preview:large, max-video-preview:-1\" \/>\n<link rel=\"canonical\" href=\"https:\/\/www.isdi.education\/mx\/campus\" \/>\n<meta property=\"og:locale\" content=\"es_MX\" \/>\n<meta property=\"og:type\" content=\"article\" \/>\n<meta property=\"og:title\" content=\"Campus - ISDI Mexico\" \/>\n<meta property=\"og:description\" content=\"Accede al \u2039campus\u203a Si tienes un mail ISDI Accede con cuenta de ISDI Otros cursos Accede con una cuenta personal \u00bfProblemas para acceder?\" \/>\n<meta property=\"og:url\" content=\"https:\/\/www.isdi.education\/mx\/campus\" \/>\n<meta property=\"og:site_name\" content=\"ISDI Mexico\" \/>\n<meta property=\"article:modified_time\" content=\"2026-01-26T20:13:25+00:00\" \/>\n<meta name=\"twitter:card\" content=\"summary_large_image\" \/>\n<meta name=\"twitter:label1\" content=\"Tiempo de lectura\" \/>\n\t<meta name=\"twitter:data1\" content=\"1 minuto\" \/>\n<script type=\"application\/ld+json\" class=\"yoast-schema-graph\">{\"@context\":\"https:\/\/schema.org\",\"@graph\":[{\"@type\":\"WebPage\",\"@id\":\"https:\/\/www.isdi.education\/mx\/campus\",\"url\":\"https:\/\/www.isdi.education\/mx\/campus\",\"name\":\"Campus - ISDI Mexico\",\"isPartOf\":{\"@id\":\"https:\/\/www.isdi.education\/mx\/#website\"},\"datePublished\":\"2024-10-16T09:15:37+00:00\",\"dateModified\":\"2026-01-26T20:13:25+00:00\",\"breadcrumb\":{\"@id\":\"https:\/\/www.isdi.education\/mx\/campus#breadcrumb\"},\"inLanguage\":\"es\",\"potentialAction\":[{\"@type\":\"ReadAction\",\"target\":[\"https:\/\/www.isdi.education\/mx\/campus\"]}]},{\"@type\":\"BreadcrumbList\",\"@id\":\"https:\/\/www.isdi.education\/mx\/campus#breadcrumb\",\"itemListElement\":[{\"@type\":\"ListItem\",\"position\":1,\"name\":\"Portada\",\"item\":\"https:\/\/www.isdi.education\/mx\/\"},{\"@type\":\"ListItem\",\"position\":2,\"name\":\"Campus\"}]},{\"@type\":\"WebSite\",\"@id\":\"https:\/\/www.isdi.education\/mx\/#website\",\"url\":\"https:\/\/www.isdi.education\/mx\/\",\"name\":\"ISDI Mexico\",\"description\":\"Descubre la formaci\u00f3n que te abrir\u00e1 las puertas a la era digital. Entra a formar parte de la primera escuela de negocios y direcci\u00f3n nativa digital.\",\"publisher\":{\"@id\":\"https:\/\/www.isdi.education\/mx\/#organization\"},\"inLanguage\":\"es\"},{\"@type\":\"Organization\",\"@id\":\"https:\/\/www.isdi.education\/mx\/#organization\",\"name\":\"ISDI Mexico\",\"url\":\"https:\/\/www.isdi.education\/mx\/\",\"logo\":{\"@type\":\"ImageObject\",\"inLanguage\":\"es\",\"@id\":\"https:\/\/www.isdi.education\/mx\/#\/schema\/logo\/image\/\",\"url\":\"https:\/\/www.isdi.education\/mx\/wp-content\/uploads\/sites\/5\/2023\/12\/logoISDI-blanco.svg\",\"contentUrl\":\"https:\/\/www.isdi.education\/mx\/wp-content\/uploads\/sites\/5\/2023\/12\/logoISDI-blanco.svg\",\"width\":79,\"height\":100,\"caption\":\"ISDI Mexico\"},\"image\":{\"@id\":\"https:\/\/www.isdi.education\/mx\/#\/schema\/logo\/image\/\"}}]}<\/script>\n<!-- \/ Yoast SEO plugin. -->","yoast_head_json":{"title":"Campus - ISDI Mexico","robots":{"index":"index","follow":"follow","max-snippet":"max-snippet:-1","max-image-preview":"max-image-preview:large","max-video-preview":"max-video-preview:-1"},"canonical":"https:\/\/www.isdi.education\/mx\/campus","og_locale":"es_MX","og_type":"article","og_title":"Campus - ISDI Mexico","og_description":"Accede al \u2039campus\u203a Si tienes un mail ISDI Accede con cuenta de ISDI Otros cursos Accede con una cuenta personal \u00bfProblemas para acceder?","og_url":"https:\/\/www.isdi.education\/mx\/campus","og_site_name":"ISDI Mexico","article_modified_time":"2026-01-26T20:13:25+00:00","twitter_card":"summary_large_image","twitter_misc":{"Tiempo de lectura":"1 minuto"},"schema":{"@context":"https:\/\/schema.org","@graph":[{"@type":"WebPage","@id":"https:\/\/www.isdi.education\/mx\/campus","url":"https:\/\/www.isdi.education\/mx\/campus","name":"Campus - ISDI Mexico","isPartOf":{"@id":"https:\/\/www.isdi.education\/mx\/#website"},"datePublished":"2024-10-16T09:15:37+00:00","dateModified":"2026-01-26T20:13:25+00:00","breadcrumb":{"@id":"https:\/\/www.isdi.education\/mx\/campus#breadcrumb"},"inLanguage":"es","potentialAction":[{"@type":"ReadAction","target":["https:\/\/www.isdi.education\/mx\/campus"]}]},{"@type":"BreadcrumbList","@id":"https:\/\/www.isdi.education\/mx\/campus#breadcrumb","itemListElement":[{"@type":"ListItem","position":1,"name":"Portada","item":"https:\/\/www.isdi.education\/mx\/"},{"@type":"ListItem","position":2,"name":"Campus"}]},{"@type":"WebSite","@id":"https:\/\/www.isdi.education\/mx\/#website","url":"https:\/\/www.isdi.education\/mx\/","name":"ISDI Mexico","description":"Descubre la formaci\u00f3n que te abrir\u00e1 las puertas a la era digital. Entra a formar parte de la primera escuela de negocios y direcci\u00f3n nativa digital.","publisher":{"@id":"https:\/\/www.isdi.education\/mx\/#organization"},"inLanguage":"es"},{"@type":"Organization","@id":"https:\/\/www.isdi.education\/mx\/#organization","name":"ISDI Mexico","url":"https:\/\/www.isdi.education\/mx\/","logo":{"@type":"ImageObject","inLanguage":"es","@id":"https:\/\/www.isdi.education\/mx\/#\/schema\/logo\/image\/","url":"https:\/\/www.isdi.education\/mx\/wp-content\/uploads\/sites\/5\/2023\/12\/logoISDI-blanco.svg","contentUrl":"https:\/\/www.isdi.education\/mx\/wp-content\/uploads\/sites\/5\/2023\/12\/logoISDI-blanco.svg","width":79,"height":100,"caption":"ISDI Mexico"},"image":{"@id":"https:\/\/www.isdi.education\/mx\/#\/schema\/logo\/image\/"}}]}},"_links":{"self":[{"href":"https:\/\/www.isdi.education\/mx\/wp-json\/wp\/v2\/pages\/23947","targetHints":{"allow":["GET"]}}],"collection":[{"href":"https:\/\/www.isdi.education\/mx\/wp-json\/wp\/v2\/pages"}],"about":[{"href":"https:\/\/www.isdi.education\/mx\/wp-json\/wp\/v2\/types\/page"}],"author":[{"embeddable":true,"href":"https:\/\/www.isdi.education\/mx\/wp-json\/wp\/v2\/users\/5"}],"replies":[{"embeddable":true,"href":"https:\/\/www.isdi.education\/mx\/wp-json\/wp\/v2\/comments?post=23947"}],"version-history":[{"count":3,"href":"https:\/\/www.isdi.education\/mx\/wp-json\/wp\/v2\/pages\/23947\/revisions"}],"predecessor-version":[{"id":25298,"href":"https:\/\/www.isdi.education\/mx\/wp-json\/wp\/v2\/pages\/23947\/revisions\/25298"}],"wp:attachment":[{"href":"https:\/\/www.isdi.education\/mx\/wp-json\/wp\/v2\/media?parent=23947"}],"curies":[{"name":"wp","href":"https:\/\/api.w.org\/{rel}","templated":true}]}}