{"id":22293,"date":"2024-07-29T09:29:54","date_gmt":"2024-07-29T09:29:54","guid":{"rendered":"https:\/\/www.isdi.education\/mx\/?page_id=22293"},"modified":"2025-07-16T20:48:13","modified_gmt":"2025-07-16T20:48:13","slug":"trabaja-en-isdi","status":"publish","type":"page","link":"https:\/\/www.isdi.education\/mx\/trabaja-en-isdi","title":{"rendered":"Trabaja en ISDI"},"content":{"rendered":"\t\t<div data-elementor-type=\"wp-page\" data-elementor-id=\"22293\" class=\"elementor elementor-22293\" data-elementor-post-type=\"page\">\n\t\t\t\t<div class=\"elementor-element elementor-element-b995329 e-con-full e-flex e-con e-parent\" data-id=\"b995329\" data-element_type=\"container\" data-e-type=\"container\">\n\t\t<div class=\"elementor-element elementor-element-e7231e3 e-con-full e-flex e-con e-child\" data-id=\"e7231e3\" data-element_type=\"container\" data-e-type=\"container\">\n\t\t<div class=\"elementor-element elementor-element-902cf1f e-con-full e-flex e-con e-child\" data-id=\"902cf1f\" data-element_type=\"container\" data-e-type=\"container\">\n\t\t\t\t<div data-dce-title-color=\"#9CA3A8\" class=\"elementor-element elementor-element-98a68dd elementor-widget elementor-widget-heading\" data-id=\"98a68dd\" data-element_type=\"widget\" data-e-type=\"widget\" data-widget_type=\"heading.default\">\n\t\t\t\t<div class=\"elementor-widget-container\">\n\t\t\t\t\t<h1 class=\"elementor-heading-title elementor-size-default\">Trabaja en ISDI<\/h1>\t\t\t\t<\/div>\n\t\t\t\t<\/div>\n\t\t\t\t<div class=\"elementor-element elementor-element-9ec4712 elementor-widget elementor-widget-heading\" data-id=\"9ec4712\" data-element_type=\"widget\" data-e-type=\"widget\" data-widget_type=\"heading.default\">\n\t\t\t\t<div class=\"elementor-widget-container\">\n\t\t\t\t\t<h3 class=\"elementor-heading-title elementor-size-default\">Entra a formar parte de la familia  <span class=\"rojoIsdi comillasIsdiShort\">ISDI<\/span> y transforma digitalmente desde dentro.<\/h3>\t\t\t\t<\/div>\n\t\t\t\t<\/div>\n\t\t\t\t<\/div>\n\t\t<div class=\"elementor-element elementor-element-2fc6985 e-con-full elementor-hidden-mobile e-flex e-con e-child\" data-id=\"2fc6985\" data-element_type=\"container\" data-e-type=\"container\">\n\t\t\t\t<\/div>\n\t\t\t\t<\/div>\n\t\t<div class=\"elementor-element elementor-element-0aa0317 e-con-full e-flex e-con e-child\" data-id=\"0aa0317\" data-element_type=\"container\" data-e-type=\"container\">\n\t\t\t\t<div class=\"elementor-element elementor-element-ddd7fff dce_masking-none elementor-widget elementor-widget-image\" data-id=\"ddd7fff\" data-element_type=\"widget\" data-e-type=\"widget\" data-widget_type=\"image.default\">\n\t\t\t\t<div class=\"elementor-widget-container\">\n\t\t\t\t\t\t\t\t\t\t\t\t\t\t\t<img fetchpriority=\"high\" decoding=\"async\" width=\"600\" height=\"400\" src=\"https:\/\/www.isdi.education\/mx\/wp-content\/uploads\/sites\/5\/2024\/07\/4529-liderazgo20transformacional.jpg\" class=\"attachment-1536x1536 size-1536x1536 wp-image-22294\" alt=\"\" srcset=\"https:\/\/www.isdi.education\/mx\/wp-content\/uploads\/sites\/5\/2024\/07\/4529-liderazgo20transformacional.jpg 600w, https:\/\/www.isdi.education\/mx\/wp-content\/uploads\/sites\/5\/2024\/07\/4529-liderazgo20transformacional-300x200.jpg 300w\" sizes=\"(max-width: 600px) 100vw, 600px\" \/>\t\t\t\t\t\t\t\t\t\t\t\t\t\t\t<\/div>\n\t\t\t\t<\/div>\n\t\t\t\t<\/div>\n\t\t\t\t<\/div>\n\t\t<div class=\"elementor-element elementor-element-929b2ba e-con-full e-flex e-con e-parent\" data-id=\"929b2ba\" data-element_type=\"container\" data-e-type=\"container\">\n\t\t\t\t<\/div>\n\t\t\t\t<\/div>\n\t\t","protected":false},"excerpt":{"rendered":"<p>Trabaja en ISDI Entra a formar parte de la familia ISDI y transforma digitalmente desde dentro.<\/p>\n","protected":false},"author":1,"featured_media":0,"parent":0,"menu_order":0,"comment_status":"closed","ping_status":"closed","template":"","meta":{"_acf_changed":false,"footnotes":""},"class_list":["post-22293","page","type-page","status-publish","hentry"],"acf":[],"yoast_head":"<!-- This site is optimized with the Yoast SEO plugin v27.4 - https:\/\/yoast.com\/product\/yoast-seo-wordpress\/ -->\n<title>ISDI: Escuela de Negocios para la Era Digital<\/title>\n<meta name=\"description\" content=\"Convi\u00e9rtete en l\u00edder de la transformaci\u00f3n digital con ISDI. Aprende de casos reales, experimenta y convi\u00e9rtete en un profesional \u00e1gil y preparado para el futuro\" \/>\n<meta name=\"robots\" content=\"index, follow, max-snippet:-1, max-image-preview:large, max-video-preview:-1\" \/>\n<link rel=\"canonical\" href=\"https:\/\/www.isdi.education\/mx\/trabaja-en-isdi\" \/>\n<meta property=\"og:locale\" content=\"es_MX\" \/>\n<meta property=\"og:type\" content=\"article\" \/>\n<meta property=\"og:title\" content=\"ISDI: Escuela de Negocios para la Era Digital\" \/>\n<meta property=\"og:description\" content=\"Convi\u00e9rtete en l\u00edder de la transformaci\u00f3n digital con ISDI. Aprende de casos reales, experimenta y convi\u00e9rtete en un profesional \u00e1gil y preparado para el futuro\" \/>\n<meta property=\"og:url\" content=\"https:\/\/www.isdi.education\/mx\/trabaja-en-isdi\" \/>\n<meta property=\"og:site_name\" content=\"ISDI Mexico\" \/>\n<meta property=\"article:modified_time\" content=\"2025-07-16T20:48:13+00:00\" \/>\n<meta property=\"og:image\" content=\"https:\/\/www.isdi.education\/mx\/wp-content\/uploads\/sites\/5\/2024\/07\/4529-liderazgo20transformacional.jpg\" \/>\n<meta name=\"twitter:card\" content=\"summary_large_image\" \/>\n<meta name=\"twitter:label1\" content=\"Tiempo de lectura\" \/>\n\t<meta name=\"twitter:data1\" content=\"1 minuto\" \/>\n<script type=\"application\/ld+json\" class=\"yoast-schema-graph\">{\"@context\":\"https:\\\/\\\/schema.org\",\"@graph\":[{\"@type\":\"WebPage\",\"@id\":\"https:\\\/\\\/www.isdi.education\\\/mx\\\/trabaja-en-isdi\",\"url\":\"https:\\\/\\\/www.isdi.education\\\/mx\\\/trabaja-en-isdi\",\"name\":\"ISDI: Escuela de Negocios para la Era Digital\",\"isPartOf\":{\"@id\":\"https:\\\/\\\/www.isdi.education\\\/mx\\\/#website\"},\"primaryImageOfPage\":{\"@id\":\"https:\\\/\\\/www.isdi.education\\\/mx\\\/trabaja-en-isdi#primaryimage\"},\"image\":{\"@id\":\"https:\\\/\\\/www.isdi.education\\\/mx\\\/trabaja-en-isdi#primaryimage\"},\"thumbnailUrl\":\"https:\\\/\\\/www.isdi.education\\\/mx\\\/wp-content\\\/uploads\\\/sites\\\/5\\\/2024\\\/07\\\/4529-liderazgo20transformacional.jpg\",\"datePublished\":\"2024-07-29T09:29:54+00:00\",\"dateModified\":\"2025-07-16T20:48:13+00:00\",\"description\":\"Convi\u00e9rtete en l\u00edder de la transformaci\u00f3n digital con ISDI. Aprende de casos reales, experimenta y convi\u00e9rtete en un profesional \u00e1gil y preparado para el futuro\",\"breadcrumb\":{\"@id\":\"https:\\\/\\\/www.isdi.education\\\/mx\\\/trabaja-en-isdi#breadcrumb\"},\"inLanguage\":\"es\",\"potentialAction\":[{\"@type\":\"ReadAction\",\"target\":[\"https:\\\/\\\/www.isdi.education\\\/mx\\\/trabaja-en-isdi\"]}]},{\"@type\":\"ImageObject\",\"inLanguage\":\"es\",\"@id\":\"https:\\\/\\\/www.isdi.education\\\/mx\\\/trabaja-en-isdi#primaryimage\",\"url\":\"https:\\\/\\\/www.isdi.education\\\/mx\\\/wp-content\\\/uploads\\\/sites\\\/5\\\/2024\\\/07\\\/4529-liderazgo20transformacional.jpg\",\"contentUrl\":\"https:\\\/\\\/www.isdi.education\\\/mx\\\/wp-content\\\/uploads\\\/sites\\\/5\\\/2024\\\/07\\\/4529-liderazgo20transformacional.jpg\",\"width\":600,\"height\":400},{\"@type\":\"BreadcrumbList\",\"@id\":\"https:\\\/\\\/www.isdi.education\\\/mx\\\/trabaja-en-isdi#breadcrumb\",\"itemListElement\":[{\"@type\":\"ListItem\",\"position\":1,\"name\":\"Portada\",\"item\":\"https:\\\/\\\/www.isdi.education\\\/mx\\\/\"},{\"@type\":\"ListItem\",\"position\":2,\"name\":\"Trabaja en ISDI\"}]},{\"@type\":\"WebSite\",\"@id\":\"https:\\\/\\\/www.isdi.education\\\/mx\\\/#website\",\"url\":\"https:\\\/\\\/www.isdi.education\\\/mx\\\/\",\"name\":\"ISDI Mexico\",\"description\":\"Descubre la formaci\u00f3n que te abrir\u00e1 las puertas a la era digital. Entra a formar parte de la primera escuela de negocios y direcci\u00f3n nativa digital.\",\"publisher\":{\"@id\":\"https:\\\/\\\/www.isdi.education\\\/mx\\\/#organization\"},\"inLanguage\":\"es\"},{\"@type\":\"Organization\",\"@id\":\"https:\\\/\\\/www.isdi.education\\\/mx\\\/#organization\",\"name\":\"ISDI Mexico\",\"url\":\"https:\\\/\\\/www.isdi.education\\\/mx\\\/\",\"logo\":{\"@type\":\"ImageObject\",\"inLanguage\":\"es\",\"@id\":\"https:\\\/\\\/www.isdi.education\\\/mx\\\/#\\\/schema\\\/logo\\\/image\\\/\",\"url\":\"https:\\\/\\\/www.isdi.education\\\/mx\\\/wp-content\\\/uploads\\\/sites\\\/5\\\/2023\\\/12\\\/logoISDI-blanco.svg\",\"contentUrl\":\"https:\\\/\\\/www.isdi.education\\\/mx\\\/wp-content\\\/uploads\\\/sites\\\/5\\\/2023\\\/12\\\/logoISDI-blanco.svg\",\"width\":79,\"height\":100,\"caption\":\"ISDI Mexico\"},\"image\":{\"@id\":\"https:\\\/\\\/www.isdi.education\\\/mx\\\/#\\\/schema\\\/logo\\\/image\\\/\"}}]}<\/script>\n<!-- \/ Yoast SEO plugin. -->","yoast_head_json":{"title":"ISDI: Escuela de Negocios para la Era Digital","description":"Convi\u00e9rtete en l\u00edder de la transformaci\u00f3n digital con ISDI. Aprende de casos reales, experimenta y convi\u00e9rtete en un profesional \u00e1gil y preparado para el futuro","robots":{"index":"index","follow":"follow","max-snippet":"max-snippet:-1","max-image-preview":"max-image-preview:large","max-video-preview":"max-video-preview:-1"},"canonical":"https:\/\/www.isdi.education\/mx\/trabaja-en-isdi","og_locale":"es_MX","og_type":"article","og_title":"ISDI: Escuela de Negocios para la Era Digital","og_description":"Convi\u00e9rtete en l\u00edder de la transformaci\u00f3n digital con ISDI. Aprende de casos reales, experimenta y convi\u00e9rtete en un profesional \u00e1gil y preparado para el futuro","og_url":"https:\/\/www.isdi.education\/mx\/trabaja-en-isdi","og_site_name":"ISDI Mexico","article_modified_time":"2025-07-16T20:48:13+00:00","og_image":[{"url":"https:\/\/www.isdi.education\/mx\/wp-content\/uploads\/sites\/5\/2024\/07\/4529-liderazgo20transformacional.jpg","type":"","width":"","height":""}],"twitter_card":"summary_large_image","twitter_misc":{"Tiempo de lectura":"1 minuto"},"schema":{"@context":"https:\/\/schema.org","@graph":[{"@type":"WebPage","@id":"https:\/\/www.isdi.education\/mx\/trabaja-en-isdi","url":"https:\/\/www.isdi.education\/mx\/trabaja-en-isdi","name":"ISDI: Escuela de Negocios para la Era Digital","isPartOf":{"@id":"https:\/\/www.isdi.education\/mx\/#website"},"primaryImageOfPage":{"@id":"https:\/\/www.isdi.education\/mx\/trabaja-en-isdi#primaryimage"},"image":{"@id":"https:\/\/www.isdi.education\/mx\/trabaja-en-isdi#primaryimage"},"thumbnailUrl":"https:\/\/www.isdi.education\/mx\/wp-content\/uploads\/sites\/5\/2024\/07\/4529-liderazgo20transformacional.jpg","datePublished":"2024-07-29T09:29:54+00:00","dateModified":"2025-07-16T20:48:13+00:00","description":"Convi\u00e9rtete en l\u00edder de la transformaci\u00f3n digital con ISDI. Aprende de casos reales, experimenta y convi\u00e9rtete en un profesional \u00e1gil y preparado para el futuro","breadcrumb":{"@id":"https:\/\/www.isdi.education\/mx\/trabaja-en-isdi#breadcrumb"},"inLanguage":"es","potentialAction":[{"@type":"ReadAction","target":["https:\/\/www.isdi.education\/mx\/trabaja-en-isdi"]}]},{"@type":"ImageObject","inLanguage":"es","@id":"https:\/\/www.isdi.education\/mx\/trabaja-en-isdi#primaryimage","url":"https:\/\/www.isdi.education\/mx\/wp-content\/uploads\/sites\/5\/2024\/07\/4529-liderazgo20transformacional.jpg","contentUrl":"https:\/\/www.isdi.education\/mx\/wp-content\/uploads\/sites\/5\/2024\/07\/4529-liderazgo20transformacional.jpg","width":600,"height":400},{"@type":"BreadcrumbList","@id":"https:\/\/www.isdi.education\/mx\/trabaja-en-isdi#breadcrumb","itemListElement":[{"@type":"ListItem","position":1,"name":"Portada","item":"https:\/\/www.isdi.education\/mx\/"},{"@type":"ListItem","position":2,"name":"Trabaja en ISDI"}]},{"@type":"WebSite","@id":"https:\/\/www.isdi.education\/mx\/#website","url":"https:\/\/www.isdi.education\/mx\/","name":"ISDI Mexico","description":"Descubre la formaci\u00f3n que te abrir\u00e1 las puertas a la era digital. Entra a formar parte de la primera escuela de negocios y direcci\u00f3n nativa digital.","publisher":{"@id":"https:\/\/www.isdi.education\/mx\/#organization"},"inLanguage":"es"},{"@type":"Organization","@id":"https:\/\/www.isdi.education\/mx\/#organization","name":"ISDI Mexico","url":"https:\/\/www.isdi.education\/mx\/","logo":{"@type":"ImageObject","inLanguage":"es","@id":"https:\/\/www.isdi.education\/mx\/#\/schema\/logo\/image\/","url":"https:\/\/www.isdi.education\/mx\/wp-content\/uploads\/sites\/5\/2023\/12\/logoISDI-blanco.svg","contentUrl":"https:\/\/www.isdi.education\/mx\/wp-content\/uploads\/sites\/5\/2023\/12\/logoISDI-blanco.svg","width":79,"height":100,"caption":"ISDI Mexico"},"image":{"@id":"https:\/\/www.isdi.education\/mx\/#\/schema\/logo\/image\/"}}]}},"_links":{"self":[{"href":"https:\/\/www.isdi.education\/mx\/wp-json\/wp\/v2\/pages\/22293","targetHints":{"allow":["GET"]}}],"collection":[{"href":"https:\/\/www.isdi.education\/mx\/wp-json\/wp\/v2\/pages"}],"about":[{"href":"https:\/\/www.isdi.education\/mx\/wp-json\/wp\/v2\/types\/page"}],"author":[{"embeddable":true,"href":"https:\/\/www.isdi.education\/mx\/wp-json\/wp\/v2\/users\/1"}],"replies":[{"embeddable":true,"href":"https:\/\/www.isdi.education\/mx\/wp-json\/wp\/v2\/comments?post=22293"}],"version-history":[{"count":0,"href":"https:\/\/www.isdi.education\/mx\/wp-json\/wp\/v2\/pages\/22293\/revisions"}],"wp:attachment":[{"href":"https:\/\/www.isdi.education\/mx\/wp-json\/wp\/v2\/media?parent=22293"}],"curies":[{"name":"wp","href":"https:\/\/api.w.org\/{rel}","templated":true}]}}