{"id":17166,"date":"2024-03-08T19:16:48","date_gmt":"2024-03-08T19:16:48","guid":{"rendered":"https:\/\/www.isdi.education\/mx\/?page_id=17166"},"modified":"2025-07-17T10:21:36","modified_gmt":"2025-07-17T10:21:36","slug":"eventos","status":"publish","type":"page","link":"https:\/\/www.isdi.education\/mx\/eventos","title":{"rendered":"Eventos"},"content":{"rendered":"\t\t<div data-elementor-type=\"wp-page\" data-elementor-id=\"17166\" class=\"elementor elementor-17166\" data-elementor-post-type=\"page\">\n\t\t\t\t<div class=\"elementor-element elementor-element-4587a10 e-flex e-con-boxed e-con e-parent\" data-id=\"4587a10\" data-element_type=\"container\">\n\t\t\t\t\t<div class=\"e-con-inner\">\n\t\t\t\t<div class=\"elementor-element elementor-element-021f72f elementor-widget elementor-widget-heading\" data-id=\"021f72f\" data-element_type=\"widget\" data-widget_type=\"heading.default\">\n\t\t\t\t<div class=\"elementor-widget-container\">\n\t\t\t\t\t<h2 class=\"elementor-heading-title elementor-size-default\">EVENTOS<\/h2>\t\t\t\t<\/div>\n\t\t\t\t<\/div>\n\t\t\t\t<div class=\"elementor-element elementor-element-f2768a7 elementor-widget__width-inherit elementor-widget elementor-widget-heading\" data-id=\"f2768a7\" data-element_type=\"widget\" data-widget_type=\"heading.default\">\n\t\t\t\t<div class=\"elementor-widget-container\">\n\t\t\t\t\t<h1 class=\"elementor-heading-title elementor-size-default\">Nuestros actos son <span class=\"rojoIsdi comillasIsdiShort\">lugares de encuentro<\/span> entre los mayores profesionales del sector, estudiantes, profesores y stakeholders. Ocasiones perfectas para crear networking y contactos que pueden cambiar tu carrer<\/h1>\t\t\t\t<\/div>\n\t\t\t\t<\/div>\n\t\t\t\t\t<\/div>\n\t\t\t\t<\/div>\n\t\t<div class=\"elementor-element elementor-element-fb924bb e-flex e-con-boxed e-con e-parent\" data-id=\"fb924bb\" data-element_type=\"container\">\n\t\t\t\t\t<div class=\"e-con-inner\">\n\t\t\t\t<div class=\"elementor-element elementor-element-589adb4 elementor-widget elementor-widget-shortcode\" data-id=\"589adb4\" data-element_type=\"widget\" data-widget_type=\"shortcode.default\">\n\t\t\t\t<div class=\"elementor-widget-container\">\n\t\t\t\t\t\t\t<div class=\"elementor-shortcode\"><form id=\"eventosFiltersForm\" action=\"https:\/\/www.isdi.education\/mx\/eventos\" method=\"get\"><div class=\"filtroBlock\"><label for=\"lugar\">Lugar<\/label><select name=\"lugar\" id=\"lugar\" class=\"customIsdiSearchBox\"><option value=\"\">Todos<\/option><option value=\"barcelona\">Barcelona<\/option><option value=\"madrid\">Madrid<\/option><option value=\"online\">Online<\/option><\/select><\/div><div class=\"filtroBlock\"><label for=\"categoria\">Fecha<\/label><input type=\"text\" id=\"regervation\" name=\"regervation\" value=\"21\/04\/2026 - 21\/07\/2026\" autocomplete=\"off\"  \/><\/div><div class=\"filtroBlock\"><label for=\"categoria\">Tipo de evento<\/label><select name=\"tipo_de_evento\" id=\"tipo_de_evento\" class=\"customIsdiSearchBox\"><option value=\"\">Todos<\/option><\/select><\/div><div class=\"filtroBlock\"><div class=\"formatoCheckboxes\"><label for=\"categoria\" style=\"display: block; margin-bottom: 15px;\">\u00bfMostrar eventos pasados?<\/label><!-- Rounded switch --> <label class='switch' style='margin-bottom:0px;'> <input type='checkbox' id='botonOnOffEventosPasados' > <span class='slider round'><\/span> <\/label><\/div><\/div><div class=\"filtroBlock submit\"><input id=\"filtrareventosButton\" type=\"submit\" value=\"Aplicar\"><\/div><\/form><\/div>\n\t\t\t\t\t\t<\/div>\n\t\t\t\t<\/div>\n\t\t\t\t<div class=\"elementor-element elementor-element-f0ac94f elementor-widget elementor-widget-html\" data-id=\"f0ac94f\" data-element_type=\"widget\" data-widget_type=\"html.default\">\n\t\t\t\t<div class=\"elementor-widget-container\">\n\t\t\t\t\t<script>\r\n\/*2 calendarios en uno*\/\r\n\/*\tjQuery(function() {\r\n\t\tjQuery('#regervation').daterangepicker({\r\n\t\t        \"locale\": {\r\n        \"format\": \"DD\/MM\/YYYY\",\r\n        \"separator\": \" - \",\r\n        \"applyLabel\": \"Aplicar\",\r\n        \"cancelLabel\": \"Cancelar\",\r\n        \"fromLabel\": \"From\",\r\n        \"toLabel\": \"To\",\r\n        \"customRangeLabel\": \"Custom\",\r\n        \"weekLabel\": \"W\",\r\n        \"daysOfWeek\": [\r\n            \"D\",\r\n            \"L\",\r\n            \"M\",\r\n            \"X\",\r\n            \"J\",\r\n            \"V\",\r\n            \"S\"\r\n        ],\r\n        \"monthNames\": [\r\n            \"Enero\",\r\n            \"Febrero\",\r\n            \"Marzo\",\r\n            \"Abril\",\r\n            \"Mayo\",\r\n            \"Junio\",\r\n            \"Julio\",\r\n            \"Agosto\",\r\n            \"Septiembre\",\r\n            \"Octubre\",\r\n            \"Noviembre\",\r\n            \"Diciembre\"\r\n        ],\r\n        \"firstDay\": 1\r\n    },\r\n\t\t\t\"autoapply\": true,\r\n\t\t\t\"linkedCalendars\": false,\r\n\t\t}, \r\n\t\tfunction(start, end, label) {\r\n\t\t\tjQuery('#displayRegervation').text('Registration date is: ' + start.format('DD\/MM\/YYYY') + ' to ' + end.format('DD\/MM\/YYYY'));\r\n\t\t});\r\n\r\n    jQuery('input[name=\"regervation\"]').on('apply.daterangepicker', function(ev, picker) {\r\n      jQuery(this).val(picker.startDate.format('DD\/MM\/YYYY') + ' - ' + picker.endDate.format('DD\/MM\/YYYY'));\r\n    });\r\n\r\n    jQuery('input[name=\"regervation\"]').on('cancel.daterangepicker', function(ev, picker) {\r\n      jQuery(this).val('');\r\n    });\r\n\r\n    \/\/if there is no fecha parameter in the URL, set the value of #regervation to empty\r\n    var urlParams = new URLSearchParams(window.location.search);\r\n    if(!urlParams.has('fecha')){\r\n      jQuery(\"#regervation\").val('');\r\n    }\r\n    \r\n\t\tjQuery('.drp-calendar.right').hide();\r\n\t\tjQuery('.drp-calendar.left').addClass('single');\r\n\r\n\t\tjQuery('.calendar-table').on('DOMSubtreeModified', function() {\r\n\t\t\tvar el = jQuery(\".prev.available\").parent().children().last();\r\n\t\t\tif (el.hasClass('next available')) {\r\n\t\t\t\treturn;\r\n\t\t\t}\r\n\t\t\tel.addClass('next available');\r\n\t\t\tel.append('<span><\/span>');\r\n\t\t});\r\n\t});\r\n\r\nwindow.onload = function() {\r\n    var isMobile = \/iPhone|iPad|iPod|Android\/i.test(navigator.userAgent);\r\n    var input = document.getElementById(\"regervation\");\r\n\r\n    if (isMobile) {\r\n        input.setAttribute(\"readonly\", \"true\");\r\n        input.setAttribute(\"onfocus\", \"this.blur()\");\r\n    }\r\n};\r\n*\/\t\r\n<\/script>\r\n\t\t\t\t<\/div>\n\t\t\t\t<\/div>\n\t\t<div class=\"elementor-element elementor-element-5c6e431 profesoresGrid e-flex e-con-boxed e-con e-child\" data-id=\"5c6e431\" data-element_type=\"container\" id=\"eventos-grid\">\n\t\t\t\t\t<div class=\"e-con-inner\">\n\t\t\t\t<div class=\"elementor-element elementor-element-7aa054f profesoresGridLoop elementor-grid-3 elementor-widget__width-inherit elementor-grid-tablet-2 elementor-grid-mobile-1 elementor-widget elementor-widget-loop-grid\" data-id=\"7aa054f\" data-element_type=\"widget\" data-settings=\"{&quot;template_id&quot;:&quot;11579&quot;,&quot;pagination_type&quot;:&quot;load_more_on_click&quot;,&quot;columns&quot;:3,&quot;_skin&quot;:&quot;post&quot;,&quot;columns_tablet&quot;:&quot;2&quot;,&quot;columns_mobile&quot;:&quot;1&quot;,&quot;edit_handle_selector&quot;:&quot;[data-elementor-type=\\&quot;loop-item\\&quot;]&quot;,&quot;load_more_spinner&quot;:{&quot;value&quot;:&quot;fas fa-spinner&quot;,&quot;library&quot;:&quot;fa-solid&quot;},&quot;row_gap&quot;:{&quot;unit&quot;:&quot;px&quot;,&quot;size&quot;:&quot;&quot;,&quot;sizes&quot;:[]},&quot;row_gap_tablet&quot;:{&quot;unit&quot;:&quot;px&quot;,&quot;size&quot;:&quot;&quot;,&quot;sizes&quot;:[]},&quot;row_gap_mobile&quot;:{&quot;unit&quot;:&quot;px&quot;,&quot;size&quot;:&quot;&quot;,&quot;sizes&quot;:[]}}\" query=\"learning-experience\" data-widget_type=\"loop-grid.post\">\n\t\t\t\t<div class=\"elementor-widget-container\">\n\t\t\t\t\t\t\t<div class=\"e-loop-nothing-found-message\">\n\t\t\t\t\t<div class=\"e-loop-nothing-found-message__text\">\n\t\t\t\tNo hay eventos disponibles para la b\u00fasqueda\t\t\t<\/div>\n\t\t\t<\/div>\n\t\t\t\t\t\t<\/div>\n\t\t\t\t<\/div>\n\t\t\t\t<div class=\"elementor-element elementor-element-af6ed3b eventosGrid  elementor-widget elementor-widget-html\" data-id=\"af6ed3b\" data-element_type=\"widget\" data-widget_type=\"html.default\">\n\t\t\t\t<div class=\"elementor-widget-container\">\n\t\t\t\t\t\r\n<div class=\"contadorDeProfesoresContainer\">\r\n  <div class=\"contadorDeProfesores\">\r\n    Mostrando <span class=\"profesoresLoaded\"><\/span> de <span class=\"profesoresTotales\">0<\/span> eventos\r\n  <\/div>\r\n  \r\n  <div class=\"contadorDeProfesoresBarra\">\r\n    <div class=\"contadorDeProfesoresBarraProgreso\" style=\"width: 0%;\"><\/div>\r\n  <\/div>\r\n<\/div>\r\n\r\n<script>\r\n \/* document.addEventListener(\"DOMContentLoaded\", function () {\r\n      \r\n\/\/if .e-loop-nothing-found-message exists, hide .contadorDeProfesoresContainer and stop all the code execution\r\nif(document.querySelector('.e-loop-nothing-found-message__text')){\r\n  document.querySelector('.contadorDeProfesoresContainer').style.display = 'none';\r\n  return;\r\n}\r\n    \r\n    var grid = document.getElementById(\"eventos-grid\");\r\n    var profLoaded = grid.querySelector(\".profesoresLoaded\");\r\n    var profTotales = grid.querySelector(\".profesoresTotales\").innerHTML;\r\n    var profProgressBar = grid.querySelector(\".contadorDeProfesoresBarraProgreso\");\r\n\r\n    var profLoadMoreBtn = grid.querySelector(\".e-loop__load-more .elementor-button-text\");\r\n\r\n    function readProfCards() {\r\n        \/\/Solo si existe .e-load-more-anchor\r\n        if(grid.querySelector('.e-load-more-anchor')){      \r\n          updatePagePagination();\r\n        }\r\n        var profQuant = grid.querySelectorAll('.profesor').length;\r\n        profLoaded.innerHTML = profQuant;\r\n        var calcPercentProfQuery = ((profQuant * 100)\/profTotales);\r\n        let calcPercentProfQueryRounded = Math.round(calcPercentProfQuery);\r\n        profProgressBar.style.width = calcPercentProfQueryRounded + '%';\r\n        if(calcPercentProfQueryRounded == '100'){\r\n          grid.querySelector(\".contadorDeProfesoresContainer\").style.marginTop = \"30px\";\r\n        };\r\n     }\r\n     \r\n     function updatePagePagination() {\r\n        \/\/ Encontrar el elemento con la clase 'e-load-more-anchor'\r\n        var loadMoreAnchor = document.querySelector('.e-load-more-anchor');\r\n    \r\n        \/\/ Obtener la URL actual del atributo 'data-next-page'\r\n        var nextPageUrl = loadMoreAnchor.getAttribute('data-next-page');\r\n    \r\n        \/\/ Obtener los par\u00e1metros de la URL actual\r\n        var currentParams = window.location.search;\r\n    \r\n        \/\/ Extraer el n\u00famero de p\u00e1gina actual\r\n        var pageNumber = nextPageUrl.match(\/\\\/(\\d+)\\\/?$\/)[1];\r\n    \r\n        \/\/ Construir la nueva URL con '\/page\/' seguido del n\u00famero de p\u00e1gina din\u00e1mico y los par\u00e1metros\r\n        var newNextPageUrl = nextPageUrl.replace(\/\\\/(\\d+)\\\/?$\/, '\/page\/' + pageNumber) + currentParams;\r\n    \r\n        \/\/ Actualizar el atributo 'data-next-page' con la nueva URL modificada\r\n        loadMoreAnchor.setAttribute('data-next-page', newNextPageUrl);\r\n    \r\n        \/\/ Verificar si el atributo se ha actualizado correctamente\r\n        console.log(loadMoreAnchor.getAttribute('data-next-page'));\r\n     }\r\n     \r\n      const loadMoreAnchor = grid.querySelector('.e-load-more-anchor');\r\n\r\n      const mutationCallback = (mutationsList, observer) => {\r\n        for (const mutation of mutationsList) {\r\n          if (mutation.type === 'attributes' && mutation.attributeName === 'data-page') {           \r\n            readProfCards();\r\n          }\r\n        }\r\n      };\r\n    \r\n      const observerOptions = { attributes: true };\r\n      const clickCallback = () => {\r\n        const observer = new MutationObserver(mutationCallback);\r\n        observer.observe(loadMoreAnchor, observerOptions);\r\n        profLoadMoreBtn.removeEventListener('click', clickCallback);\r\n      };\r\n\r\n      if (profLoadMoreBtn) {\r\n          profLoadMoreBtn.addEventListener('click', clickCallback);\r\n      }\r\n      \r\n      readProfCards();\r\n  });*\/\r\n<\/script>\t\t\t\t<\/div>\n\t\t\t\t<\/div>\n\t\t\t\t\t<\/div>\n\t\t\t\t<\/div>\n\t\t\t\t\t<\/div>\n\t\t\t\t<\/div>\n\t\t\t\t<\/div>\n\t\t","protected":false},"excerpt":{"rendered":"<p>EVENTOS Nuestros actos son lugares de encuentro entre los mayores profesionales del sector, estudiantes, profesores y stakeholders. Ocasiones perfectas para crear networking y contactos que pueden cambiar tu carrer Mostrando de eventos<\/p>\n","protected":false},"author":23,"featured_media":0,"parent":0,"menu_order":0,"comment_status":"closed","ping_status":"closed","template":"","meta":{"_acf_changed":false,"footnotes":""},"class_list":["post-17166","page","type-page","status-publish","hentry"],"acf":[],"yoast_head":"<!-- This site is optimized with the Yoast SEO plugin v26.4 - https:\/\/yoast.com\/wordpress\/plugins\/seo\/ -->\n<title>Eventos - ISDI Mexico<\/title>\n<meta name=\"robots\" content=\"index, follow, max-snippet:-1, max-image-preview:large, max-video-preview:-1\" \/>\n<link rel=\"canonical\" href=\"https:\/\/www.isdi.education\/mx\/eventos\" \/>\n<meta property=\"og:locale\" content=\"es_MX\" \/>\n<meta property=\"og:type\" content=\"article\" \/>\n<meta property=\"og:title\" content=\"Eventos - ISDI Mexico\" \/>\n<meta property=\"og:description\" content=\"EVENTOS Nuestros actos son lugares de encuentro entre los mayores profesionales del sector, estudiantes, profesores y stakeholders. Ocasiones perfectas para crear networking y contactos que pueden cambiar tu carrer Mostrando de eventos\" \/>\n<meta property=\"og:url\" content=\"https:\/\/www.isdi.education\/mx\/eventos\" \/>\n<meta property=\"og:site_name\" content=\"ISDI Mexico\" \/>\n<meta property=\"article:modified_time\" content=\"2025-07-17T10:21:36+00:00\" \/>\n<meta name=\"twitter:card\" content=\"summary_large_image\" \/>\n<meta name=\"twitter:label1\" content=\"Tiempo de lectura\" \/>\n\t<meta name=\"twitter:data1\" content=\"1 minuto\" \/>\n<script type=\"application\/ld+json\" class=\"yoast-schema-graph\">{\"@context\":\"https:\/\/schema.org\",\"@graph\":[{\"@type\":\"WebPage\",\"@id\":\"https:\/\/www.isdi.education\/mx\/eventos\",\"url\":\"https:\/\/www.isdi.education\/mx\/eventos\",\"name\":\"Eventos - ISDI Mexico\",\"isPartOf\":{\"@id\":\"https:\/\/www.isdi.education\/mx\/#website\"},\"datePublished\":\"2024-03-08T19:16:48+00:00\",\"dateModified\":\"2025-07-17T10:21:36+00:00\",\"breadcrumb\":{\"@id\":\"https:\/\/www.isdi.education\/mx\/eventos#breadcrumb\"},\"inLanguage\":\"es\",\"potentialAction\":[{\"@type\":\"ReadAction\",\"target\":[\"https:\/\/www.isdi.education\/mx\/eventos\"]}]},{\"@type\":\"BreadcrumbList\",\"@id\":\"https:\/\/www.isdi.education\/mx\/eventos#breadcrumb\",\"itemListElement\":[{\"@type\":\"ListItem\",\"position\":1,\"name\":\"Portada\",\"item\":\"https:\/\/www.isdi.education\/mx\/\"},{\"@type\":\"ListItem\",\"position\":2,\"name\":\"Eventos\"}]},{\"@type\":\"WebSite\",\"@id\":\"https:\/\/www.isdi.education\/mx\/#website\",\"url\":\"https:\/\/www.isdi.education\/mx\/\",\"name\":\"ISDI Mexico\",\"description\":\"Descubre la formaci\u00f3n que te abrir\u00e1 las puertas a la era digital. Entra a formar parte de la primera escuela de negocios y direcci\u00f3n nativa digital.\",\"publisher\":{\"@id\":\"https:\/\/www.isdi.education\/mx\/#organization\"},\"inLanguage\":\"es\"},{\"@type\":\"Organization\",\"@id\":\"https:\/\/www.isdi.education\/mx\/#organization\",\"name\":\"ISDI Mexico\",\"url\":\"https:\/\/www.isdi.education\/mx\/\",\"logo\":{\"@type\":\"ImageObject\",\"inLanguage\":\"es\",\"@id\":\"https:\/\/www.isdi.education\/mx\/#\/schema\/logo\/image\/\",\"url\":\"https:\/\/www.isdi.education\/mx\/wp-content\/uploads\/sites\/5\/2023\/12\/logoISDI-blanco.svg\",\"contentUrl\":\"https:\/\/www.isdi.education\/mx\/wp-content\/uploads\/sites\/5\/2023\/12\/logoISDI-blanco.svg\",\"width\":79,\"height\":100,\"caption\":\"ISDI Mexico\"},\"image\":{\"@id\":\"https:\/\/www.isdi.education\/mx\/#\/schema\/logo\/image\/\"}}]}<\/script>\n<!-- \/ Yoast SEO plugin. -->","yoast_head_json":{"title":"Eventos - ISDI Mexico","robots":{"index":"index","follow":"follow","max-snippet":"max-snippet:-1","max-image-preview":"max-image-preview:large","max-video-preview":"max-video-preview:-1"},"canonical":"https:\/\/www.isdi.education\/mx\/eventos","og_locale":"es_MX","og_type":"article","og_title":"Eventos - ISDI Mexico","og_description":"EVENTOS Nuestros actos son lugares de encuentro entre los mayores profesionales del sector, estudiantes, profesores y stakeholders. Ocasiones perfectas para crear networking y contactos que pueden cambiar tu carrer Mostrando de eventos","og_url":"https:\/\/www.isdi.education\/mx\/eventos","og_site_name":"ISDI Mexico","article_modified_time":"2025-07-17T10:21:36+00:00","twitter_card":"summary_large_image","twitter_misc":{"Tiempo de lectura":"1 minuto"},"schema":{"@context":"https:\/\/schema.org","@graph":[{"@type":"WebPage","@id":"https:\/\/www.isdi.education\/mx\/eventos","url":"https:\/\/www.isdi.education\/mx\/eventos","name":"Eventos - ISDI Mexico","isPartOf":{"@id":"https:\/\/www.isdi.education\/mx\/#website"},"datePublished":"2024-03-08T19:16:48+00:00","dateModified":"2025-07-17T10:21:36+00:00","breadcrumb":{"@id":"https:\/\/www.isdi.education\/mx\/eventos#breadcrumb"},"inLanguage":"es","potentialAction":[{"@type":"ReadAction","target":["https:\/\/www.isdi.education\/mx\/eventos"]}]},{"@type":"BreadcrumbList","@id":"https:\/\/www.isdi.education\/mx\/eventos#breadcrumb","itemListElement":[{"@type":"ListItem","position":1,"name":"Portada","item":"https:\/\/www.isdi.education\/mx\/"},{"@type":"ListItem","position":2,"name":"Eventos"}]},{"@type":"WebSite","@id":"https:\/\/www.isdi.education\/mx\/#website","url":"https:\/\/www.isdi.education\/mx\/","name":"ISDI Mexico","description":"Descubre la formaci\u00f3n que te abrir\u00e1 las puertas a la era digital. Entra a formar parte de la primera escuela de negocios y direcci\u00f3n nativa digital.","publisher":{"@id":"https:\/\/www.isdi.education\/mx\/#organization"},"inLanguage":"es"},{"@type":"Organization","@id":"https:\/\/www.isdi.education\/mx\/#organization","name":"ISDI Mexico","url":"https:\/\/www.isdi.education\/mx\/","logo":{"@type":"ImageObject","inLanguage":"es","@id":"https:\/\/www.isdi.education\/mx\/#\/schema\/logo\/image\/","url":"https:\/\/www.isdi.education\/mx\/wp-content\/uploads\/sites\/5\/2023\/12\/logoISDI-blanco.svg","contentUrl":"https:\/\/www.isdi.education\/mx\/wp-content\/uploads\/sites\/5\/2023\/12\/logoISDI-blanco.svg","width":79,"height":100,"caption":"ISDI Mexico"},"image":{"@id":"https:\/\/www.isdi.education\/mx\/#\/schema\/logo\/image\/"}}]}},"_links":{"self":[{"href":"https:\/\/www.isdi.education\/mx\/wp-json\/wp\/v2\/pages\/17166","targetHints":{"allow":["GET"]}}],"collection":[{"href":"https:\/\/www.isdi.education\/mx\/wp-json\/wp\/v2\/pages"}],"about":[{"href":"https:\/\/www.isdi.education\/mx\/wp-json\/wp\/v2\/types\/page"}],"author":[{"embeddable":true,"href":"https:\/\/www.isdi.education\/mx\/wp-json\/wp\/v2\/users\/23"}],"replies":[{"embeddable":true,"href":"https:\/\/www.isdi.education\/mx\/wp-json\/wp\/v2\/comments?post=17166"}],"version-history":[{"count":0,"href":"https:\/\/www.isdi.education\/mx\/wp-json\/wp\/v2\/pages\/17166\/revisions"}],"wp:attachment":[{"href":"https:\/\/www.isdi.education\/mx\/wp-json\/wp\/v2\/media?parent=17166"}],"curies":[{"name":"wp","href":"https:\/\/api.w.org\/{rel}","templated":true}]}}