{"id":23163,"date":"2024-05-08T08:32:54","date_gmt":"2024-05-08T08:32:54","guid":{"rendered":"https:\/\/www.isdi.education\/es\/?page_id=23163"},"modified":"2025-11-24T16:06:34","modified_gmt":"2025-11-24T15:06:34","slug":"buscador","status":"publish","type":"page","link":"https:\/\/www.isdi.education\/es\/buscador","title":{"rendered":"Buscador"},"content":{"rendered":"\t\t<div data-elementor-type=\"wp-page\" data-elementor-id=\"23163\" class=\"elementor elementor-23163\" data-elementor-post-type=\"page\">\n\t\t\t\t<div class=\"elementor-element elementor-element-cfd01c3 e-flex e-con-boxed e-con e-parent\" data-id=\"cfd01c3\" data-element_type=\"container\">\n\t\t\t\t\t<div class=\"e-con-inner\">\n\t\t\t\t<div class=\"elementor-element elementor-element-a782028 elementor-widget elementor-widget-heading\" data-id=\"a782028\" data-element_type=\"widget\" data-widget_type=\"heading.default\">\n\t\t\t\t<div class=\"elementor-widget-container\">\n\t\t\t\t\t<h3 class=\"elementor-heading-title elementor-size-default\">Encuentra lo que buscas<\/h3>\t\t\t\t<\/div>\n\t\t\t\t<\/div>\n\t\t\t\t<div class=\"elementor-element elementor-element-d3e2637 elementor-widget elementor-widget-html\" data-id=\"d3e2637\" data-element_type=\"widget\" data-widget_type=\"html.default\">\n\t\t\t\t<div class=\"elementor-widget-container\">\n\t\t\t\t\t<div id=\"buscadorInput\">\n\t<svg class=\"search\" width=\"24\" height=\"24\" viewBox=\"0 0 24 24\" fill=\"none\" xmlns=\"http:\/\/www.w3.org\/2000\/svg\">\n\t<circle cx=\"10.5\" cy=\"10.5\" r=\"7\" stroke=\"#9CA3A8\"\/>\n\t<path d=\"M15.2593 15.5L20.7592 21\" stroke=\"#9CA3A8\"\/>\n\t<\/svg>\n  <input type=\"text\" placeholder=\"\u00bfQu\u00e9 es lo que te interesa?\">\n  <svg id=\"cleanInput\" width=\"20\" height=\"20\" viewBox=\"0 0 20 20\" fill=\"none\" xmlns=\"http:\/\/www.w3.org\/2000\/svg\">\n    <path fill-rule=\"evenodd\" clip-rule=\"evenodd\" d=\"M10.0001 9.29295L3.35359 2.64648L2.64648 3.35359L9.29295 10.0001L2.64649 16.6465L3.3536 17.3536L10.0001 10.7072L16.6465 17.3536L17.3536 16.6465L10.7072 10.0001L17.3536 3.35363L16.6465 2.64652L10.0001 9.29295Z\" fill=\"#F8F8F6\"\/>\n\t<\/svg>\n<\/div>\t\t\t\t<\/div>\n\t\t\t\t<\/div>\n\t\t\t\t<div class=\"elementor-element elementor-element-0e5f22f elementor-widget__width-auto elementor-absolute e-transform displayNone elementor-widget elementor-widget-html\" data-id=\"0e5f22f\" data-element_type=\"widget\" id=\"resultsLoader\" data-settings=\"{&quot;_position&quot;:&quot;absolute&quot;,&quot;_transform_translateX_effect&quot;:{&quot;unit&quot;:&quot;%&quot;,&quot;size&quot;:-50,&quot;sizes&quot;:[]},&quot;_transform_translateX_effect_tablet&quot;:{&quot;unit&quot;:&quot;%&quot;,&quot;size&quot;:&quot;&quot;,&quot;sizes&quot;:[]},&quot;_transform_translateX_effect_mobile&quot;:{&quot;unit&quot;:&quot;%&quot;,&quot;size&quot;:&quot;&quot;,&quot;sizes&quot;:[]},&quot;_transform_translateY_effect&quot;:{&quot;unit&quot;:&quot;px&quot;,&quot;size&quot;:&quot;&quot;,&quot;sizes&quot;:[]},&quot;_transform_translateY_effect_tablet&quot;:{&quot;unit&quot;:&quot;px&quot;,&quot;size&quot;:&quot;&quot;,&quot;sizes&quot;:[]},&quot;_transform_translateY_effect_mobile&quot;:{&quot;unit&quot;:&quot;px&quot;,&quot;size&quot;:&quot;&quot;,&quot;sizes&quot;:[]}}\" data-widget_type=\"html.default\">\n\t\t\t\t<div class=\"elementor-widget-container\">\n\t\t\t\t\t<span class=\"loader\"><\/span>\t\t\t\t<\/div>\n\t\t\t\t<\/div>\n\t\t\t\t\t<\/div>\n\t\t\t\t<\/div>\n\t\t<div class=\"elementor-element elementor-element-3c8d1f9 displayNone e-flex e-con-boxed e-con e-parent\" data-id=\"3c8d1f9\" data-element_type=\"container\" id=\"results\">\n\t\t\t\t\t<div class=\"e-con-inner\">\n\t\t\t\t<div class=\"elementor-element elementor-element-3d52f64 elementor-widget elementor-widget-heading\" data-id=\"3d52f64\" data-element_type=\"widget\" id=\"numeroContainer\" data-widget_type=\"heading.default\">\n\t\t\t\t<div class=\"elementor-widget-container\">\n\t\t\t\t\t<p class=\"elementor-heading-title elementor-size-default\">0 resultados<\/p>\t\t\t\t<\/div>\n\t\t\t\t<\/div>\n\t\t\t\t<div class=\"elementor-element elementor-element-0cd2f01 elementor-widget elementor-widget-html\" data-id=\"0cd2f01\" data-element_type=\"widget\" data-widget_type=\"html.default\">\n\t\t\t\t<div class=\"elementor-widget-container\">\n\t\t\t\t\t<div id=\"resultsContainer\">\n<\/div>\t\t\t\t<\/div>\n\t\t\t\t<\/div>\n\t\t<div class=\"elementor-element elementor-element-6aeafeb e-con-full e-flex e-con e-child\" data-id=\"6aeafeb\" data-element_type=\"container\" id=\"searchResultsButtonsRow\">\n\t\t\t\t<div class=\"elementor-element elementor-element-95c331e elementor-absolute displayNone elementor-widget elementor-widget-button\" data-id=\"95c331e\" data-element_type=\"widget\" id=\"resultsClean\" data-settings=\"{&quot;_position&quot;:&quot;absolute&quot;}\" data-widget_type=\"button.default\">\n\t\t\t\t<div class=\"elementor-widget-container\">\n\t\t\t\t\t\t\t\t\t<div class=\"elementor-button-wrapper\">\n\t\t\t\t\t<a class=\"elementor-button elementor-button-link elementor-size-sm\" href=\"#\">\n\t\t\t\t\t\t<span class=\"elementor-button-content-wrapper\">\n\t\t\t\t\t\t\t\t\t<span class=\"elementor-button-text\">Limpiar b\u00fasqueda<\/span>\n\t\t\t\t\t<\/span>\n\t\t\t\t\t<\/a>\n\t\t\t\t<\/div>\n\t\t\t\t\t\t\t\t<\/div>\n\t\t\t\t<\/div>\n\t\t\t\t<div class=\"elementor-element elementor-element-3348748 btnArrowCircle displayNone elementor-absolute elementor-widget elementor-widget-button\" data-id=\"3348748\" data-element_type=\"widget\" id=\"resultsViewMore\" data-settings=\"{&quot;_position&quot;:&quot;absolute&quot;}\" data-widget_type=\"button.default\">\n\t\t\t\t<div class=\"elementor-widget-container\">\n\t\t\t\t\t\t\t\t\t<div class=\"elementor-button-wrapper\">\n\t\t\t\t\t<a class=\"elementor-button elementor-button-link elementor-size-sm\" href=\"https:\/\/www.isdi.education\/es\/\">\n\t\t\t\t\t\t<span class=\"elementor-button-content-wrapper\">\n\t\t\t\t\t\t<span class=\"elementor-button-icon\">\n\t\t\t\t<svg xmlns=\"http:\/\/www.w3.org\/2000\/svg\" xmlns:xlink=\"http:\/\/www.w3.org\/1999\/xlink\" id=\"Layer_1\" x=\"0px\" y=\"0px\" viewBox=\"0 0 80 20\" style=\"enable-background:new 0 0 80 20;\" xml:space=\"preserve\"> <polygon points=\"9.5,0.5 8.5,1.5 16.2,9.2 0,9.2 0,10.8 16.2,10.8 8.5,18.5 9.5,19.5 19.1,10 \"><\/polygon> <polygon points=\"70.5,0.5 69.4,1.5 77.1,9.2 60.9,9.2 60.9,10.8 77.1,10.8 69.4,18.5 70.5,19.5 80,10 \"><\/polygon> <\/svg>\t\t\t<\/span>\n\t\t\t\t\t\t\t\t\t<span class=\"elementor-button-text\">Ver todos los resultados<\/span>\n\t\t\t\t\t<\/span>\n\t\t\t\t\t<\/a>\n\t\t\t\t<\/div>\n\t\t\t\t\t\t\t\t<\/div>\n\t\t\t\t<\/div>\n\t\t\t\t<\/div>\n\t\t\t\t\t<\/div>\n\t\t\t\t<\/div>\n\t\t\t\t<\/div>\n\t\t","protected":false},"excerpt":{"rendered":"<p>Encuentra lo que buscas 0 resultados Limpiar b\u00fasqueda Ver todos los resultados<\/p>\n","protected":false},"author":23,"featured_media":0,"parent":0,"menu_order":0,"comment_status":"closed","ping_status":"closed","template":"","meta":{"_acf_changed":false,"footnotes":""},"class_list":["post-23163","page","type-page","status-publish","hentry"],"acf":[],"yoast_head":"<!-- This site is optimized with the Yoast SEO plugin v26.4 - https:\/\/yoast.com\/wordpress\/plugins\/seo\/ -->\n<title>Buscador - ISDI Espa\u00f1a<\/title>\n<meta name=\"description\" content=\"Encuentra f\u00e1cilmente cursos, m\u00e1sters y contenidos formativos de ISDI con nuestro buscador. Accede r\u00e1pido a programas digitales, recursos y art\u00edculos especializados.\" \/>\n<meta name=\"robots\" content=\"index, follow, max-snippet:-1, max-image-preview:large, max-video-preview:-1\" \/>\n<link rel=\"canonical\" href=\"https:\/\/www.isdi.education\/es\/buscador\" \/>\n<meta property=\"og:locale\" content=\"es_ES\" \/>\n<meta property=\"og:type\" content=\"article\" \/>\n<meta property=\"og:title\" content=\"Buscador - ISDI Espa\u00f1a\" \/>\n<meta property=\"og:description\" content=\"Encuentra f\u00e1cilmente cursos, m\u00e1sters y contenidos formativos de ISDI con nuestro buscador. Accede r\u00e1pido a programas digitales, recursos y art\u00edculos especializados.\" \/>\n<meta property=\"og:url\" content=\"https:\/\/www.isdi.education\/es\/buscador\" \/>\n<meta property=\"og:site_name\" content=\"ISDI Espa\u00f1a\" \/>\n<meta property=\"article:publisher\" content=\"https:\/\/www.facebook.com\/isdi.education\" \/>\n<meta property=\"article:modified_time\" content=\"2025-11-24T15:06:34+00:00\" \/>\n<meta name=\"twitter:card\" content=\"summary_large_image\" \/>\n<meta name=\"twitter:label1\" content=\"Tiempo de lectura\" \/>\n\t<meta name=\"twitter:data1\" content=\"1 minuto\" \/>\n<script type=\"application\/ld+json\" class=\"yoast-schema-graph\">{\"@context\":\"https:\/\/schema.org\",\"@graph\":[{\"@type\":\"WebPage\",\"@id\":\"https:\/\/www.isdi.education\/es\/buscador\",\"url\":\"https:\/\/www.isdi.education\/es\/buscador\",\"name\":\"Buscador - ISDI Espa\u00f1a\",\"isPartOf\":{\"@id\":\"https:\/\/www.isdi.education\/es\/#website\"},\"datePublished\":\"2024-05-08T08:32:54+00:00\",\"dateModified\":\"2025-11-24T15:06:34+00:00\",\"description\":\"Encuentra f\u00e1cilmente cursos, m\u00e1sters y contenidos formativos de ISDI con nuestro buscador. Accede r\u00e1pido a programas digitales, recursos y art\u00edculos especializados.\",\"breadcrumb\":{\"@id\":\"https:\/\/www.isdi.education\/es\/buscador#breadcrumb\"},\"inLanguage\":\"es\",\"potentialAction\":[{\"@type\":\"ReadAction\",\"target\":[\"https:\/\/www.isdi.education\/es\/buscador\"]}]},{\"@type\":\"BreadcrumbList\",\"@id\":\"https:\/\/www.isdi.education\/es\/buscador#breadcrumb\",\"itemListElement\":[{\"@type\":\"ListItem\",\"position\":1,\"name\":\"Inicio\",\"item\":\"https:\/\/www.isdi.education\/es\/\"},{\"@type\":\"ListItem\",\"position\":2,\"name\":\"Buscador\"}]},{\"@type\":\"WebSite\",\"@id\":\"https:\/\/www.isdi.education\/es\/#website\",\"url\":\"https:\/\/www.isdi.education\/es\/\",\"name\":\"ISDI Espa\u00f1a | La Escuela de Negocios de la Era Digital\",\"description\":\"Descubre la formaci\u00f3n que te abrir\u00e1 las puertas a la era digital. Entra a formar parte de la primera escuela de negocios y direcci\u00f3n nativa digital.\",\"publisher\":{\"@id\":\"https:\/\/www.isdi.education\/es\/#organization\"},\"inLanguage\":\"es\"},{\"@type\":\"Organization\",\"@id\":\"https:\/\/www.isdi.education\/es\/#organization\",\"name\":\"ISDI Espa\u00f1a | La Escuela de Negocios de la Era Digital\",\"url\":\"https:\/\/www.isdi.education\/es\/\",\"logo\":{\"@type\":\"ImageObject\",\"inLanguage\":\"es\",\"@id\":\"https:\/\/www.isdi.education\/es\/#\/schema\/logo\/image\/\",\"url\":\"https:\/\/www.isdi.education\/es\/wp-content\/uploads\/2024\/02\/cropped-Favicon.png\",\"contentUrl\":\"https:\/\/www.isdi.education\/es\/wp-content\/uploads\/2024\/02\/cropped-Favicon.png\",\"width\":512,\"height\":512,\"caption\":\"ISDI Espa\u00f1a | La Escuela de Negocios de la Era Digital\"},\"image\":{\"@id\":\"https:\/\/www.isdi.education\/es\/#\/schema\/logo\/image\/\"},\"sameAs\":[\"https:\/\/www.facebook.com\/isdi.education\",\"https:\/\/www.linkedin.com\/school\/isdi\/?originalSubdomain=es\",\"https:\/\/www.instagram.com\/isdi_edu\/?hl=es\",\"https:\/\/www.tiktok.com\/@isdi_edu\",\"https:\/\/www.youtube.com\/user\/ISDItv\"]}]}<\/script>\n<!-- \/ Yoast SEO plugin. -->","yoast_head_json":{"title":"Buscador - ISDI Espa\u00f1a","description":"Encuentra f\u00e1cilmente cursos, m\u00e1sters y contenidos formativos de ISDI con nuestro buscador. Accede r\u00e1pido a programas digitales, recursos y art\u00edculos especializados.","robots":{"index":"index","follow":"follow","max-snippet":"max-snippet:-1","max-image-preview":"max-image-preview:large","max-video-preview":"max-video-preview:-1"},"canonical":"https:\/\/www.isdi.education\/es\/buscador","og_locale":"es_ES","og_type":"article","og_title":"Buscador - ISDI Espa\u00f1a","og_description":"Encuentra f\u00e1cilmente cursos, m\u00e1sters y contenidos formativos de ISDI con nuestro buscador. Accede r\u00e1pido a programas digitales, recursos y art\u00edculos especializados.","og_url":"https:\/\/www.isdi.education\/es\/buscador","og_site_name":"ISDI Espa\u00f1a","article_publisher":"https:\/\/www.facebook.com\/isdi.education","article_modified_time":"2025-11-24T15:06:34+00:00","twitter_card":"summary_large_image","twitter_misc":{"Tiempo de lectura":"1 minuto"},"schema":{"@context":"https:\/\/schema.org","@graph":[{"@type":"WebPage","@id":"https:\/\/www.isdi.education\/es\/buscador","url":"https:\/\/www.isdi.education\/es\/buscador","name":"Buscador - ISDI Espa\u00f1a","isPartOf":{"@id":"https:\/\/www.isdi.education\/es\/#website"},"datePublished":"2024-05-08T08:32:54+00:00","dateModified":"2025-11-24T15:06:34+00:00","description":"Encuentra f\u00e1cilmente cursos, m\u00e1sters y contenidos formativos de ISDI con nuestro buscador. Accede r\u00e1pido a programas digitales, recursos y art\u00edculos especializados.","breadcrumb":{"@id":"https:\/\/www.isdi.education\/es\/buscador#breadcrumb"},"inLanguage":"es","potentialAction":[{"@type":"ReadAction","target":["https:\/\/www.isdi.education\/es\/buscador"]}]},{"@type":"BreadcrumbList","@id":"https:\/\/www.isdi.education\/es\/buscador#breadcrumb","itemListElement":[{"@type":"ListItem","position":1,"name":"Inicio","item":"https:\/\/www.isdi.education\/es\/"},{"@type":"ListItem","position":2,"name":"Buscador"}]},{"@type":"WebSite","@id":"https:\/\/www.isdi.education\/es\/#website","url":"https:\/\/www.isdi.education\/es\/","name":"ISDI Espa\u00f1a | La Escuela de Negocios de la Era Digital","description":"Descubre la formaci\u00f3n que te abrir\u00e1 las puertas a la era digital. Entra a formar parte de la primera escuela de negocios y direcci\u00f3n nativa digital.","publisher":{"@id":"https:\/\/www.isdi.education\/es\/#organization"},"inLanguage":"es"},{"@type":"Organization","@id":"https:\/\/www.isdi.education\/es\/#organization","name":"ISDI Espa\u00f1a | La Escuela de Negocios de la Era Digital","url":"https:\/\/www.isdi.education\/es\/","logo":{"@type":"ImageObject","inLanguage":"es","@id":"https:\/\/www.isdi.education\/es\/#\/schema\/logo\/image\/","url":"https:\/\/www.isdi.education\/es\/wp-content\/uploads\/2024\/02\/cropped-Favicon.png","contentUrl":"https:\/\/www.isdi.education\/es\/wp-content\/uploads\/2024\/02\/cropped-Favicon.png","width":512,"height":512,"caption":"ISDI Espa\u00f1a | La Escuela de Negocios de la Era Digital"},"image":{"@id":"https:\/\/www.isdi.education\/es\/#\/schema\/logo\/image\/"},"sameAs":["https:\/\/www.facebook.com\/isdi.education","https:\/\/www.linkedin.com\/school\/isdi\/?originalSubdomain=es","https:\/\/www.instagram.com\/isdi_edu\/?hl=es","https:\/\/www.tiktok.com\/@isdi_edu","https:\/\/www.youtube.com\/user\/ISDItv"]}]}},"_links":{"self":[{"href":"https:\/\/www.isdi.education\/es\/wp-json\/wp\/v2\/pages\/23163","targetHints":{"allow":["GET"]}}],"collection":[{"href":"https:\/\/www.isdi.education\/es\/wp-json\/wp\/v2\/pages"}],"about":[{"href":"https:\/\/www.isdi.education\/es\/wp-json\/wp\/v2\/types\/page"}],"author":[{"embeddable":true,"href":"https:\/\/www.isdi.education\/es\/wp-json\/wp\/v2\/users\/23"}],"replies":[{"embeddable":true,"href":"https:\/\/www.isdi.education\/es\/wp-json\/wp\/v2\/comments?post=23163"}],"version-history":[{"count":1,"href":"https:\/\/www.isdi.education\/es\/wp-json\/wp\/v2\/pages\/23163\/revisions"}],"predecessor-version":[{"id":42614,"href":"https:\/\/www.isdi.education\/es\/wp-json\/wp\/v2\/pages\/23163\/revisions\/42614"}],"wp:attachment":[{"href":"https:\/\/www.isdi.education\/es\/wp-json\/wp\/v2\/media?parent=23163"}],"curies":[{"name":"wp","href":"https:\/\/api.w.org\/{rel}","templated":true}]}}