{"id":18644,"date":"2024-03-14T16:09:27","date_gmt":"2024-03-14T16:09:27","guid":{"rendered":"https:\/\/www.isdi.education\/es\/?page_id=18644"},"modified":"2026-01-26T17:46:57","modified_gmt":"2026-01-26T16:46:57","slug":"campus","status":"publish","type":"page","link":"https:\/\/www.isdi.education\/es\/campus","title":{"rendered":"Campus"},"content":{"rendered":"\t\t<div data-elementor-type=\"wp-page\" data-elementor-id=\"18644\" class=\"elementor elementor-18644\" data-elementor-post-type=\"page\">\n\t\t\t\t<div class=\"elementor-element elementor-element-495ce89 e-flex e-con-boxed e-con e-parent\" data-id=\"495ce89\" data-element_type=\"container\" data-e-type=\"container\">\n\t\t\t\t\t<div class=\"e-con-inner\">\n\t\t\t\t<div class=\"elementor-element elementor-element-37d35db elementor-widget elementor-widget-heading\" data-id=\"37d35db\" data-element_type=\"widget\" data-e-type=\"widget\" data-widget_type=\"heading.default\">\n\t\t\t\t<div class=\"elementor-widget-container\">\n\t\t\t\t\t<h2 class=\"elementor-heading-title elementor-size-default\">Accede al <span class=\"redIsdi\">\u2039campus\u203a<\/span><\/h2>\t\t\t\t<\/div>\n\t\t\t\t<\/div>\n\t\t\t\t<div class=\"elementor-element elementor-element-575c623 elementor-widget elementor-widget-spacer\" data-id=\"575c623\" data-element_type=\"widget\" data-e-type=\"widget\" data-widget_type=\"spacer.default\">\n\t\t\t\t<div class=\"elementor-widget-container\">\n\t\t\t\t\t\t\t<div class=\"elementor-spacer\">\n\t\t\t<div class=\"elementor-spacer-inner\"><\/div>\n\t\t<\/div>\n\t\t\t\t\t\t<\/div>\n\t\t\t\t<\/div>\n\t\t<div class=\"elementor-element elementor-element-f936bc9 e-con-full e-flex e-con e-child\" data-id=\"f936bc9\" data-element_type=\"container\" data-e-type=\"container\">\n\t\t<div class=\"elementor-element elementor-element-a28a80d e-con-full e-flex e-con e-child\" data-id=\"a28a80d\" data-element_type=\"container\" data-e-type=\"container\">\n\t\t\t\t<div class=\"elementor-element elementor-element-7782c25 elementor-widget elementor-widget-heading\" data-id=\"7782c25\" data-element_type=\"widget\" data-e-type=\"widget\" data-widget_type=\"heading.default\">\n\t\t\t\t<div class=\"elementor-widget-container\">\n\t\t\t\t\t<p class=\"elementor-heading-title elementor-size-default\">Si tienes un mail ISDI<\/p>\t\t\t\t<\/div>\n\t\t\t\t<\/div>\n\t\t\t\t<div class=\"elementor-element elementor-element-7c1ee35 elementor-align-center elementor-widget elementor-widget-button\" data-id=\"7c1ee35\" data-element_type=\"widget\" data-e-type=\"widget\" data-widget_type=\"button.default\">\n\t\t\t\t<div class=\"elementor-widget-container\">\n\t\t\t\t\t\t\t\t\t<div class=\"elementor-button-wrapper\">\n\t\t\t\t\t<a class=\"elementor-button elementor-button-link elementor-size-sm\" href=\"https:\/\/isdi.instructure.com\/login\/saml?_ga=2.106267781.704575919.1618417772-1508964976.1614786131\">\n\t\t\t\t\t\t<span class=\"elementor-button-content-wrapper\">\n\t\t\t\t\t\t\t\t\t<span class=\"elementor-button-text\">Accede con cuenta de ISDI<\/span>\n\t\t\t\t\t<\/span>\n\t\t\t\t\t<\/a>\n\t\t\t\t<\/div>\n\t\t\t\t\t\t\t\t<\/div>\n\t\t\t\t<\/div>\n\t\t\t\t<\/div>\n\t\t<div class=\"elementor-element elementor-element-6d4096c e-con-full e-flex e-con e-child\" data-id=\"6d4096c\" data-element_type=\"container\" data-e-type=\"container\">\n\t\t\t\t<div class=\"elementor-element elementor-element-39f39c5 elementor-widget elementor-widget-heading\" data-id=\"39f39c5\" data-element_type=\"widget\" data-e-type=\"widget\" data-widget_type=\"heading.default\">\n\t\t\t\t<div class=\"elementor-widget-container\">\n\t\t\t\t\t<p class=\"elementor-heading-title elementor-size-default\">Otros cursos<\/p>\t\t\t\t<\/div>\n\t\t\t\t<\/div>\n\t\t\t\t<div class=\"elementor-element elementor-element-23cbb2e elementor-align-center elementor-widget elementor-widget-button\" data-id=\"23cbb2e\" data-element_type=\"widget\" data-e-type=\"widget\" data-widget_type=\"button.default\">\n\t\t\t\t<div class=\"elementor-widget-container\">\n\t\t\t\t\t\t\t\t\t<div class=\"elementor-button-wrapper\">\n\t\t\t\t\t<a class=\"elementor-button elementor-button-link elementor-size-sm\" href=\"http:\/\/isdi.instructure.com\/login\/canvas?_ga=2.84599967.704575919.1618417772-1508964976.1614786131\">\n\t\t\t\t\t\t<span class=\"elementor-button-content-wrapper\">\n\t\t\t\t\t\t\t\t\t<span class=\"elementor-button-text\">Accede con una cuenta personal<\/span>\n\t\t\t\t\t<\/span>\n\t\t\t\t\t<\/a>\n\t\t\t\t<\/div>\n\t\t\t\t\t\t\t\t<\/div>\n\t\t\t\t<\/div>\n\t\t\t\t<\/div>\n\t\t\t\t<\/div>\n\t\t\t\t<div class=\"elementor-element elementor-element-27e74c7 elementor-widget elementor-widget-heading\" data-id=\"27e74c7\" data-element_type=\"widget\" data-e-type=\"widget\" data-widget_type=\"heading.default\">\n\t\t\t\t<div class=\"elementor-widget-container\">\n\t\t\t\t\t<p class=\"elementor-heading-title elementor-size-default\"><a href=\"mailto:campus@isdi.education\">\u00bfProblemas para acceder?<\/a><\/p>\t\t\t\t<\/div>\n\t\t\t\t<\/div>\n\t\t\t\t\t<\/div>\n\t\t\t\t<\/div>\n\t\t\t\t<\/div>\n\t\t","protected":false},"excerpt":{"rendered":"<p>Accede al \u2039campus\u203a Si tienes un mail ISDI Accede con cuenta de ISDI Otros cursos Accede con una cuenta personal \u00bfProblemas para acceder?<\/p>\n","protected":false},"author":23,"featured_media":0,"parent":0,"menu_order":0,"comment_status":"closed","ping_status":"closed","template":"","meta":{"_acf_changed":false,"footnotes":""},"class_list":["post-18644","page","type-page","status-publish","hentry"],"acf":[],"yoast_head":"<!-- This site is optimized with the Yoast SEO plugin v27.4 - https:\/\/yoast.com\/product\/yoast-seo-wordpress\/ -->\n<title>Campus - ISDI Espa\u00f1a<\/title>\n<meta name=\"robots\" content=\"index, follow, max-snippet:-1, max-image-preview:large, max-video-preview:-1\" \/>\n<link rel=\"canonical\" href=\"https:\/\/www.isdi.education\/es\/campus\" \/>\n<meta property=\"og:locale\" content=\"es_ES\" \/>\n<meta property=\"og:type\" content=\"article\" \/>\n<meta property=\"og:title\" content=\"Campus - ISDI Espa\u00f1a\" \/>\n<meta property=\"og:description\" content=\"Accede al \u2039campus\u203a Si tienes un mail ISDI Accede con cuenta de ISDI Otros cursos Accede con una cuenta personal \u00bfProblemas para acceder?\" \/>\n<meta property=\"og:url\" content=\"https:\/\/www.isdi.education\/es\/campus\" \/>\n<meta property=\"og:site_name\" content=\"ISDI Espa\u00f1a\" \/>\n<meta property=\"article:publisher\" content=\"https:\/\/www.facebook.com\/isdi.education\" \/>\n<meta property=\"article:modified_time\" content=\"2026-01-26T16:46:57+00:00\" \/>\n<meta name=\"twitter:card\" content=\"summary_large_image\" \/>\n<meta name=\"twitter:label1\" content=\"Tiempo de lectura\" \/>\n\t<meta name=\"twitter:data1\" content=\"1 minuto\" \/>\n<script type=\"application\/ld+json\" class=\"yoast-schema-graph\">{\"@context\":\"https:\\\/\\\/schema.org\",\"@graph\":[{\"@type\":\"WebPage\",\"@id\":\"https:\\\/\\\/www.isdi.education\\\/es\\\/campus\",\"url\":\"https:\\\/\\\/www.isdi.education\\\/es\\\/campus\",\"name\":\"Campus - ISDI Espa\u00f1a\",\"isPartOf\":{\"@id\":\"https:\\\/\\\/www.isdi.education\\\/es\\\/#website\"},\"datePublished\":\"2024-03-14T16:09:27+00:00\",\"dateModified\":\"2026-01-26T16:46:57+00:00\",\"breadcrumb\":{\"@id\":\"https:\\\/\\\/www.isdi.education\\\/es\\\/campus#breadcrumb\"},\"inLanguage\":\"es\",\"potentialAction\":[{\"@type\":\"ReadAction\",\"target\":[\"https:\\\/\\\/www.isdi.education\\\/es\\\/campus\"]}]},{\"@type\":\"BreadcrumbList\",\"@id\":\"https:\\\/\\\/www.isdi.education\\\/es\\\/campus#breadcrumb\",\"itemListElement\":[{\"@type\":\"ListItem\",\"position\":1,\"name\":\"Inicio\",\"item\":\"https:\\\/\\\/www.isdi.education\\\/es\\\/\"},{\"@type\":\"ListItem\",\"position\":2,\"name\":\"Campus\"}]},{\"@type\":\"WebSite\",\"@id\":\"https:\\\/\\\/www.isdi.education\\\/es\\\/#website\",\"url\":\"https:\\\/\\\/www.isdi.education\\\/es\\\/\",\"name\":\"ISDI Espa\u00f1a | La Escuela de Negocios de la Era Digital\",\"description\":\"Descubre la formaci\u00f3n que te abrir\u00e1 las puertas a la era digital. Entra a formar parte de la primera escuela de negocios y direcci\u00f3n nativa digital.\",\"publisher\":{\"@id\":\"https:\\\/\\\/www.isdi.education\\\/es\\\/#organization\"},\"inLanguage\":\"es\"},{\"@type\":\"Organization\",\"@id\":\"https:\\\/\\\/www.isdi.education\\\/es\\\/#organization\",\"name\":\"ISDI Espa\u00f1a | La Escuela de Negocios de la Era Digital\",\"url\":\"https:\\\/\\\/www.isdi.education\\\/es\\\/\",\"logo\":{\"@type\":\"ImageObject\",\"inLanguage\":\"es\",\"@id\":\"https:\\\/\\\/www.isdi.education\\\/es\\\/#\\\/schema\\\/logo\\\/image\\\/\",\"url\":\"https:\\\/\\\/www.isdi.education\\\/es\\\/wp-content\\\/uploads\\\/2024\\\/02\\\/cropped-Favicon.png\",\"contentUrl\":\"https:\\\/\\\/www.isdi.education\\\/es\\\/wp-content\\\/uploads\\\/2024\\\/02\\\/cropped-Favicon.png\",\"width\":512,\"height\":512,\"caption\":\"ISDI Espa\u00f1a | La Escuela de Negocios de la Era Digital\"},\"image\":{\"@id\":\"https:\\\/\\\/www.isdi.education\\\/es\\\/#\\\/schema\\\/logo\\\/image\\\/\"},\"sameAs\":[\"https:\\\/\\\/www.facebook.com\\\/isdi.education\",\"https:\\\/\\\/www.linkedin.com\\\/school\\\/isdi\\\/?originalSubdomain=es\",\"https:\\\/\\\/www.instagram.com\\\/isdi_edu\\\/?hl=es\",\"https:\\\/\\\/www.tiktok.com\\\/@isdi_edu\",\"https:\\\/\\\/www.youtube.com\\\/user\\\/ISDItv\"]}]}<\/script>\n<!-- \/ Yoast SEO plugin. -->","yoast_head_json":{"title":"Campus - ISDI Espa\u00f1a","robots":{"index":"index","follow":"follow","max-snippet":"max-snippet:-1","max-image-preview":"max-image-preview:large","max-video-preview":"max-video-preview:-1"},"canonical":"https:\/\/www.isdi.education\/es\/campus","og_locale":"es_ES","og_type":"article","og_title":"Campus - ISDI Espa\u00f1a","og_description":"Accede al \u2039campus\u203a Si tienes un mail ISDI Accede con cuenta de ISDI Otros cursos Accede con una cuenta personal \u00bfProblemas para acceder?","og_url":"https:\/\/www.isdi.education\/es\/campus","og_site_name":"ISDI Espa\u00f1a","article_publisher":"https:\/\/www.facebook.com\/isdi.education","article_modified_time":"2026-01-26T16:46:57+00:00","twitter_card":"summary_large_image","twitter_misc":{"Tiempo de lectura":"1 minuto"},"schema":{"@context":"https:\/\/schema.org","@graph":[{"@type":"WebPage","@id":"https:\/\/www.isdi.education\/es\/campus","url":"https:\/\/www.isdi.education\/es\/campus","name":"Campus - ISDI Espa\u00f1a","isPartOf":{"@id":"https:\/\/www.isdi.education\/es\/#website"},"datePublished":"2024-03-14T16:09:27+00:00","dateModified":"2026-01-26T16:46:57+00:00","breadcrumb":{"@id":"https:\/\/www.isdi.education\/es\/campus#breadcrumb"},"inLanguage":"es","potentialAction":[{"@type":"ReadAction","target":["https:\/\/www.isdi.education\/es\/campus"]}]},{"@type":"BreadcrumbList","@id":"https:\/\/www.isdi.education\/es\/campus#breadcrumb","itemListElement":[{"@type":"ListItem","position":1,"name":"Inicio","item":"https:\/\/www.isdi.education\/es\/"},{"@type":"ListItem","position":2,"name":"Campus"}]},{"@type":"WebSite","@id":"https:\/\/www.isdi.education\/es\/#website","url":"https:\/\/www.isdi.education\/es\/","name":"ISDI Espa\u00f1a | La Escuela de Negocios de la Era Digital","description":"Descubre la formaci\u00f3n que te abrir\u00e1 las puertas a la era digital. Entra a formar parte de la primera escuela de negocios y direcci\u00f3n nativa digital.","publisher":{"@id":"https:\/\/www.isdi.education\/es\/#organization"},"inLanguage":"es"},{"@type":"Organization","@id":"https:\/\/www.isdi.education\/es\/#organization","name":"ISDI Espa\u00f1a | La Escuela de Negocios de la Era Digital","url":"https:\/\/www.isdi.education\/es\/","logo":{"@type":"ImageObject","inLanguage":"es","@id":"https:\/\/www.isdi.education\/es\/#\/schema\/logo\/image\/","url":"https:\/\/www.isdi.education\/es\/wp-content\/uploads\/2024\/02\/cropped-Favicon.png","contentUrl":"https:\/\/www.isdi.education\/es\/wp-content\/uploads\/2024\/02\/cropped-Favicon.png","width":512,"height":512,"caption":"ISDI Espa\u00f1a | La Escuela de Negocios de la Era Digital"},"image":{"@id":"https:\/\/www.isdi.education\/es\/#\/schema\/logo\/image\/"},"sameAs":["https:\/\/www.facebook.com\/isdi.education","https:\/\/www.linkedin.com\/school\/isdi\/?originalSubdomain=es","https:\/\/www.instagram.com\/isdi_edu\/?hl=es","https:\/\/www.tiktok.com\/@isdi_edu","https:\/\/www.youtube.com\/user\/ISDItv"]}]}},"_links":{"self":[{"href":"https:\/\/www.isdi.education\/es\/wp-json\/wp\/v2\/pages\/18644","targetHints":{"allow":["GET"]}}],"collection":[{"href":"https:\/\/www.isdi.education\/es\/wp-json\/wp\/v2\/pages"}],"about":[{"href":"https:\/\/www.isdi.education\/es\/wp-json\/wp\/v2\/types\/page"}],"author":[{"embeddable":true,"href":"https:\/\/www.isdi.education\/es\/wp-json\/wp\/v2\/users\/23"}],"replies":[{"embeddable":true,"href":"https:\/\/www.isdi.education\/es\/wp-json\/wp\/v2\/comments?post=18644"}],"version-history":[{"count":0,"href":"https:\/\/www.isdi.education\/es\/wp-json\/wp\/v2\/pages\/18644\/revisions"}],"wp:attachment":[{"href":"https:\/\/www.isdi.education\/es\/wp-json\/wp\/v2\/media?parent=18644"}],"curies":[{"name":"wp","href":"https:\/\/api.w.org\/{rel}","templated":true}]}}