{"id":16817,"date":"2024-03-08T15:45:38","date_gmt":"2024-03-08T15:45:38","guid":{"rendered":"https:\/\/www.isdi.education\/es\/?page_id=16817"},"modified":"2025-07-16T20:45:57","modified_gmt":"2025-07-16T20:45:57","slug":"politica-de-calidad","status":"publish","type":"page","link":"https:\/\/www.isdi.education\/es\/politica-de-calidad","title":{"rendered":"Pol\u00edtica de Calidad"},"content":{"rendered":"\t\t<div data-elementor-type=\"wp-page\" data-elementor-id=\"16817\" class=\"elementor elementor-16817\" data-elementor-post-type=\"page\">\n\t\t\t\t<div class=\"elementor-element elementor-element-e44db52 legales e-flex e-con-boxed e-con e-parent\" data-id=\"e44db52\" data-element_type=\"container\" data-e-type=\"container\">\n\t\t\t\t\t<div class=\"e-con-inner\">\n\t\t\t\t<div class=\"elementor-element elementor-element-bc9ce4e elementor-widget elementor-widget-heading\" data-id=\"bc9ce4e\" data-element_type=\"widget\" data-e-type=\"widget\" data-widget_type=\"heading.default\">\n\t\t\t\t<div class=\"elementor-widget-container\">\n\t\t\t\t\t<h1 class=\"elementor-heading-title elementor-size-default\">Pol\u00edtica de Calidad<\/h1>\t\t\t\t<\/div>\n\t\t\t\t<\/div>\n\t\t\t\t<div class=\"elementor-element elementor-element-ca8de8d elementor-widget elementor-widget-heading\" data-id=\"ca8de8d\" data-element_type=\"widget\" data-e-type=\"widget\" data-widget_type=\"heading.default\">\n\t\t\t\t<div class=\"elementor-widget-container\">\n\t\t\t\t\t<p class=\"elementor-heading-title elementor-size-default\">ISDI e ISDI Online asumen el compromiso de implementar y mejorar continuamente su Sistema de Gesti\u00f3n de la Calidad, basado en los requisitos de la Norma Internacional ISO 9001:2015, cumpliendo con la legislaci\u00f3n vigente y otros requisitos que suscribe, aplicables a su actividad empresarial y con el prop\u00f3sito de:<\/p>\t\t\t\t<\/div>\n\t\t\t\t<\/div>\n\t\t<div class=\"elementor-element elementor-element-a1d07ba e-con-full e-flex e-con e-child\" data-id=\"a1d07ba\" data-element_type=\"container\" data-e-type=\"container\">\n\t\t\t\t<div class=\"elementor-element elementor-element-7c2ea99 elementor-icon-list--layout-traditional elementor-list-item-link-full_width elementor-widget elementor-widget-icon-list\" data-id=\"7c2ea99\" data-element_type=\"widget\" data-e-type=\"widget\" data-widget_type=\"icon-list.default\">\n\t\t\t\t<div class=\"elementor-widget-container\">\n\t\t\t\t\t\t\t<ul class=\"elementor-icon-list-items\">\n\t\t\t\t\t\t\t<li class=\"elementor-icon-list-item\">\n\t\t\t\t\t\t\t\t\t\t\t<span class=\"elementor-icon-list-icon\">\n\t\t\t\t\t\t\t<svg xmlns=\"http:\/\/www.w3.org\/2000\/svg\" width=\"60\" height=\"93\" viewBox=\"0 0 60 93\" fill=\"none\"><path d=\"M13.1164 92.2505L59.5 46.2505L13.1163 0.250504L0.499991 0.250506L46.8836 46.2505L0.500008 92.2505L13.1164 92.2505Z\" fill=\"#ED1F41\"><\/path><\/svg>\t\t\t\t\t\t<\/span>\n\t\t\t\t\t\t\t\t\t\t<span class=\"elementor-icon-list-text\">Cumplir con los acuerdos establecidos con sus clientes, manteniendo una buena comunicaci\u00f3n con ellos y mantener su confianza mediante la satisfacci\u00f3n de sus necesidades.<\/span>\n\t\t\t\t\t\t\t\t\t<\/li>\n\t\t\t\t\t\t\t\t<li class=\"elementor-icon-list-item\">\n\t\t\t\t\t\t\t\t\t\t\t<span class=\"elementor-icon-list-icon\">\n\t\t\t\t\t\t\t<svg xmlns=\"http:\/\/www.w3.org\/2000\/svg\" width=\"60\" height=\"93\" viewBox=\"0 0 60 93\" fill=\"none\"><path d=\"M13.1164 92.2505L59.5 46.2505L13.1163 0.250504L0.499991 0.250506L46.8836 46.2505L0.500008 92.2505L13.1164 92.2505Z\" fill=\"#ED1F41\"><\/path><\/svg>\t\t\t\t\t\t<\/span>\n\t\t\t\t\t\t\t\t\t\t<span class=\"elementor-icon-list-text\">Realizar sus servicios con un alto grado de calidad, ajustados a normas y certificaciones nacionales e internacionales, otorgando respaldo t\u00e9cnico y garant\u00eda a los servicios que ofrece, por lo que deber\u00e1 contar en todo momento con proveedores comprometidos y responsables y de esta forma posicionar sus servicios con un alto grado de distinci\u00f3n en el mercado.<\/span>\n\t\t\t\t\t\t\t\t\t<\/li>\n\t\t\t\t\t\t\t\t<li class=\"elementor-icon-list-item\">\n\t\t\t\t\t\t\t\t\t\t\t<span class=\"elementor-icon-list-icon\">\n\t\t\t\t\t\t\t<svg xmlns=\"http:\/\/www.w3.org\/2000\/svg\" width=\"60\" height=\"93\" viewBox=\"0 0 60 93\" fill=\"none\"><path d=\"M13.1164 92.2505L59.5 46.2505L13.1163 0.250504L0.499991 0.250506L46.8836 46.2505L0.500008 92.2505L13.1164 92.2505Z\" fill=\"#ED1F41\"><\/path><\/svg>\t\t\t\t\t\t<\/span>\n\t\t\t\t\t\t\t\t\t\t<span class=\"elementor-icon-list-text\">Propiciar el desarrollo profesional de todo el personal de la empresa en materias de Calidad, contando con l\u00edderes motivadores, personas comprometidas y que garantizan la mejora continua.<\/span>\n\t\t\t\t\t\t\t\t\t<\/li>\n\t\t\t\t\t\t<\/ul>\n\t\t\t\t\t\t<\/div>\n\t\t\t\t<\/div>\n\t\t\t\t<div class=\"elementor-element elementor-element-7bf53c5 legalesTexto elementor-widget elementor-widget-heading\" data-id=\"7bf53c5\" data-element_type=\"widget\" data-e-type=\"widget\" data-widget_type=\"heading.default\">\n\t\t\t\t<div class=\"elementor-widget-container\">\n\t\t\t\t\t<p class=\"elementor-heading-title elementor-size-default\">Esta Pol\u00edtica de Calidad adem\u00e1s, se constituye como una declaraci\u00f3n de intenciones y principios que proporcionan un marco global para el establecimiento de objetivos en materia de gesti\u00f3n de la Calidad. Ser\u00e1 revisada anualmente y estar\u00e1 en todo momento a disposici\u00f3n de cliente, empleados y cualquier otra parte interesada (administraci\u00f3n p\u00fablica, p\u00fablico en general etc.) mediante los medios que se consideren oportunos.<\/p>\t\t\t\t<\/div>\n\t\t\t\t<\/div>\n\t\t\t\t<\/div>\n\t\t\t\t\t<\/div>\n\t\t\t\t<\/div>\n\t\t\t\t<\/div>\n\t\t","protected":false},"excerpt":{"rendered":"<p>ISDI e ISDI Online asumen el compromiso de implementar y mejorar continuamente su Sistema de Gesti\u00f3n de la Calidad, basado en los requisitos de la Norma Internacional ISO 9001:2015, cumpliendo con la legislaci\u00f3n vigente y otros requisitos que suscribe, aplicables a su actividad empresarial y con el prop\u00f3sito de: Cumplir con los acuerdos establecidos con&#8230;<\/p>\n","protected":false},"author":23,"featured_media":0,"parent":0,"menu_order":0,"comment_status":"closed","ping_status":"closed","template":"","meta":{"_acf_changed":false,"footnotes":""},"class_list":["post-16817","page","type-page","status-publish","hentry"],"acf":[],"yoast_head":"<!-- This site is optimized with the Yoast SEO plugin v27.4 - https:\/\/yoast.com\/product\/yoast-seo-wordpress\/ -->\n<title>Pol\u00edtica de Calidad - ISDI Espa\u00f1a<\/title>\n<meta name=\"description\" content=\"Descubre nuestra Pol\u00edtica de Calidad en ISDI. Compromiso con la excelencia y la mejora continua en nuestros servicios. \u00a1Conoce m\u00e1s aqu\u00ed!\" \/>\n<meta name=\"robots\" content=\"index, follow, max-snippet:-1, max-image-preview:large, max-video-preview:-1\" \/>\n<link rel=\"canonical\" href=\"https:\/\/www.isdi.education\/es\/politica-de-calidad\" \/>\n<meta property=\"og:locale\" content=\"es_ES\" \/>\n<meta property=\"og:type\" content=\"article\" \/>\n<meta property=\"og:title\" content=\"Pol\u00edtica de Calidad - ISDI Espa\u00f1a\" \/>\n<meta property=\"og:description\" content=\"Descubre nuestra Pol\u00edtica de Calidad en ISDI. Compromiso con la excelencia y la mejora continua en nuestros servicios. \u00a1Conoce m\u00e1s aqu\u00ed!\" \/>\n<meta property=\"og:url\" content=\"https:\/\/www.isdi.education\/es\/politica-de-calidad\" \/>\n<meta property=\"og:site_name\" content=\"ISDI Espa\u00f1a\" \/>\n<meta property=\"article:publisher\" content=\"https:\/\/www.facebook.com\/isdi.education\" \/>\n<meta property=\"article:modified_time\" content=\"2025-07-16T20:45:57+00:00\" \/>\n<meta name=\"twitter:card\" content=\"summary_large_image\" \/>\n<meta name=\"twitter:label1\" content=\"Tiempo de lectura\" \/>\n\t<meta name=\"twitter:data1\" content=\"1 minuto\" \/>\n<script type=\"application\/ld+json\" class=\"yoast-schema-graph\">{\"@context\":\"https:\\\/\\\/schema.org\",\"@graph\":[{\"@type\":\"WebPage\",\"@id\":\"https:\\\/\\\/www.isdi.education\\\/es\\\/politica-de-calidad\",\"url\":\"https:\\\/\\\/www.isdi.education\\\/es\\\/politica-de-calidad\",\"name\":\"Pol\u00edtica de Calidad - ISDI Espa\u00f1a\",\"isPartOf\":{\"@id\":\"https:\\\/\\\/www.isdi.education\\\/es\\\/#website\"},\"datePublished\":\"2024-03-08T15:45:38+00:00\",\"dateModified\":\"2025-07-16T20:45:57+00:00\",\"description\":\"Descubre nuestra Pol\u00edtica de Calidad en ISDI. Compromiso con la excelencia y la mejora continua en nuestros servicios. \u00a1Conoce m\u00e1s aqu\u00ed!\",\"breadcrumb\":{\"@id\":\"https:\\\/\\\/www.isdi.education\\\/es\\\/politica-de-calidad#breadcrumb\"},\"inLanguage\":\"es\",\"potentialAction\":[{\"@type\":\"ReadAction\",\"target\":[\"https:\\\/\\\/www.isdi.education\\\/es\\\/politica-de-calidad\"]}]},{\"@type\":\"BreadcrumbList\",\"@id\":\"https:\\\/\\\/www.isdi.education\\\/es\\\/politica-de-calidad#breadcrumb\",\"itemListElement\":[{\"@type\":\"ListItem\",\"position\":1,\"name\":\"Inicio\",\"item\":\"https:\\\/\\\/www.isdi.education\\\/es\\\/\"},{\"@type\":\"ListItem\",\"position\":2,\"name\":\"Pol\u00edtica de Calidad\"}]},{\"@type\":\"WebSite\",\"@id\":\"https:\\\/\\\/www.isdi.education\\\/es\\\/#website\",\"url\":\"https:\\\/\\\/www.isdi.education\\\/es\\\/\",\"name\":\"ISDI Espa\u00f1a | La Escuela de Negocios de la Era Digital\",\"description\":\"Descubre la formaci\u00f3n que te abrir\u00e1 las puertas a la era digital. Entra a formar parte de la primera escuela de negocios y direcci\u00f3n nativa digital.\",\"publisher\":{\"@id\":\"https:\\\/\\\/www.isdi.education\\\/es\\\/#organization\"},\"inLanguage\":\"es\"},{\"@type\":\"Organization\",\"@id\":\"https:\\\/\\\/www.isdi.education\\\/es\\\/#organization\",\"name\":\"ISDI Espa\u00f1a | La Escuela de Negocios de la Era Digital\",\"url\":\"https:\\\/\\\/www.isdi.education\\\/es\\\/\",\"logo\":{\"@type\":\"ImageObject\",\"inLanguage\":\"es\",\"@id\":\"https:\\\/\\\/www.isdi.education\\\/es\\\/#\\\/schema\\\/logo\\\/image\\\/\",\"url\":\"https:\\\/\\\/www.isdi.education\\\/es\\\/wp-content\\\/uploads\\\/2024\\\/02\\\/cropped-Favicon.png\",\"contentUrl\":\"https:\\\/\\\/www.isdi.education\\\/es\\\/wp-content\\\/uploads\\\/2024\\\/02\\\/cropped-Favicon.png\",\"width\":512,\"height\":512,\"caption\":\"ISDI Espa\u00f1a | La Escuela de Negocios de la Era Digital\"},\"image\":{\"@id\":\"https:\\\/\\\/www.isdi.education\\\/es\\\/#\\\/schema\\\/logo\\\/image\\\/\"},\"sameAs\":[\"https:\\\/\\\/www.facebook.com\\\/isdi.education\",\"https:\\\/\\\/www.linkedin.com\\\/school\\\/isdi\\\/?originalSubdomain=es\",\"https:\\\/\\\/www.instagram.com\\\/isdi_edu\\\/?hl=es\",\"https:\\\/\\\/www.tiktok.com\\\/@isdi_edu\",\"https:\\\/\\\/www.youtube.com\\\/user\\\/ISDItv\"]}]}<\/script>\n<!-- \/ Yoast SEO plugin. -->","yoast_head_json":{"title":"Pol\u00edtica de Calidad - ISDI Espa\u00f1a","description":"Descubre nuestra Pol\u00edtica de Calidad en ISDI. Compromiso con la excelencia y la mejora continua en nuestros servicios. \u00a1Conoce m\u00e1s aqu\u00ed!","robots":{"index":"index","follow":"follow","max-snippet":"max-snippet:-1","max-image-preview":"max-image-preview:large","max-video-preview":"max-video-preview:-1"},"canonical":"https:\/\/www.isdi.education\/es\/politica-de-calidad","og_locale":"es_ES","og_type":"article","og_title":"Pol\u00edtica de Calidad - ISDI Espa\u00f1a","og_description":"Descubre nuestra Pol\u00edtica de Calidad en ISDI. Compromiso con la excelencia y la mejora continua en nuestros servicios. \u00a1Conoce m\u00e1s aqu\u00ed!","og_url":"https:\/\/www.isdi.education\/es\/politica-de-calidad","og_site_name":"ISDI Espa\u00f1a","article_publisher":"https:\/\/www.facebook.com\/isdi.education","article_modified_time":"2025-07-16T20:45:57+00:00","twitter_card":"summary_large_image","twitter_misc":{"Tiempo de lectura":"1 minuto"},"schema":{"@context":"https:\/\/schema.org","@graph":[{"@type":"WebPage","@id":"https:\/\/www.isdi.education\/es\/politica-de-calidad","url":"https:\/\/www.isdi.education\/es\/politica-de-calidad","name":"Pol\u00edtica de Calidad - ISDI Espa\u00f1a","isPartOf":{"@id":"https:\/\/www.isdi.education\/es\/#website"},"datePublished":"2024-03-08T15:45:38+00:00","dateModified":"2025-07-16T20:45:57+00:00","description":"Descubre nuestra Pol\u00edtica de Calidad en ISDI. Compromiso con la excelencia y la mejora continua en nuestros servicios. \u00a1Conoce m\u00e1s aqu\u00ed!","breadcrumb":{"@id":"https:\/\/www.isdi.education\/es\/politica-de-calidad#breadcrumb"},"inLanguage":"es","potentialAction":[{"@type":"ReadAction","target":["https:\/\/www.isdi.education\/es\/politica-de-calidad"]}]},{"@type":"BreadcrumbList","@id":"https:\/\/www.isdi.education\/es\/politica-de-calidad#breadcrumb","itemListElement":[{"@type":"ListItem","position":1,"name":"Inicio","item":"https:\/\/www.isdi.education\/es\/"},{"@type":"ListItem","position":2,"name":"Pol\u00edtica de Calidad"}]},{"@type":"WebSite","@id":"https:\/\/www.isdi.education\/es\/#website","url":"https:\/\/www.isdi.education\/es\/","name":"ISDI Espa\u00f1a | La Escuela de Negocios de la Era Digital","description":"Descubre la formaci\u00f3n que te abrir\u00e1 las puertas a la era digital. Entra a formar parte de la primera escuela de negocios y direcci\u00f3n nativa digital.","publisher":{"@id":"https:\/\/www.isdi.education\/es\/#organization"},"inLanguage":"es"},{"@type":"Organization","@id":"https:\/\/www.isdi.education\/es\/#organization","name":"ISDI Espa\u00f1a | La Escuela de Negocios de la Era Digital","url":"https:\/\/www.isdi.education\/es\/","logo":{"@type":"ImageObject","inLanguage":"es","@id":"https:\/\/www.isdi.education\/es\/#\/schema\/logo\/image\/","url":"https:\/\/www.isdi.education\/es\/wp-content\/uploads\/2024\/02\/cropped-Favicon.png","contentUrl":"https:\/\/www.isdi.education\/es\/wp-content\/uploads\/2024\/02\/cropped-Favicon.png","width":512,"height":512,"caption":"ISDI Espa\u00f1a | La Escuela de Negocios de la Era Digital"},"image":{"@id":"https:\/\/www.isdi.education\/es\/#\/schema\/logo\/image\/"},"sameAs":["https:\/\/www.facebook.com\/isdi.education","https:\/\/www.linkedin.com\/school\/isdi\/?originalSubdomain=es","https:\/\/www.instagram.com\/isdi_edu\/?hl=es","https:\/\/www.tiktok.com\/@isdi_edu","https:\/\/www.youtube.com\/user\/ISDItv"]}]}},"_links":{"self":[{"href":"https:\/\/www.isdi.education\/es\/wp-json\/wp\/v2\/pages\/16817","targetHints":{"allow":["GET"]}}],"collection":[{"href":"https:\/\/www.isdi.education\/es\/wp-json\/wp\/v2\/pages"}],"about":[{"href":"https:\/\/www.isdi.education\/es\/wp-json\/wp\/v2\/types\/page"}],"author":[{"embeddable":true,"href":"https:\/\/www.isdi.education\/es\/wp-json\/wp\/v2\/users\/23"}],"replies":[{"embeddable":true,"href":"https:\/\/www.isdi.education\/es\/wp-json\/wp\/v2\/comments?post=16817"}],"version-history":[{"count":0,"href":"https:\/\/www.isdi.education\/es\/wp-json\/wp\/v2\/pages\/16817\/revisions"}],"wp:attachment":[{"href":"https:\/\/www.isdi.education\/es\/wp-json\/wp\/v2\/media?parent=16817"}],"curies":[{"name":"wp","href":"https:\/\/api.w.org\/{rel}","templated":true}]}}