{"id":11376,"date":"2024-02-09T14:20:33","date_gmt":"2024-02-09T14:20:33","guid":{"rendered":"https:\/\/testisdi.wpenginepowered.com\/?page_id=11376"},"modified":"2025-11-25T09:25:49","modified_gmt":"2025-11-25T09:25:49","slug":"blog","status":"publish","type":"page","link":"https:\/\/www.isdi.education\/en\/blog","title":{"rendered":"Blog"},"content":{"rendered":"\t\t<div data-elementor-type=\"wp-page\" data-elementor-id=\"11376\" class=\"elementor elementor-11376\" data-elementor-post-type=\"page\">\n\t\t\t\t<div class=\"elementor-element elementor-element-b2ec2c3 e-flex e-con-boxed e-con e-parent\" data-id=\"b2ec2c3\" data-element_type=\"container\" data-e-type=\"container\">\n\t\t\t\t\t<div class=\"e-con-inner\">\n\t\t\t\t<div data-dce-title-color=\"#9CA3A8\" class=\"elementor-element elementor-element-5806e5e elementor-widget elementor-widget-heading\" data-id=\"5806e5e\" data-element_type=\"widget\" data-e-type=\"widget\" data-widget_type=\"heading.default\">\n\t\t\t\t<div class=\"elementor-widget-container\">\n\t\t\t\t\t<h1 class=\"elementor-heading-title elementor-size-default\">BLOG<\/h1>\t\t\t\t<\/div>\n\t\t\t\t<\/div>\n\t\t\t\t<div class=\"elementor-element elementor-element-b4b72b5 elementor-widget__width-inherit elementor-widget elementor-widget-heading\" data-id=\"b4b72b5\" data-element_type=\"widget\" data-e-type=\"widget\" data-widget_type=\"heading.default\">\n\t\t\t\t<div class=\"elementor-widget-container\">\n\t\t\t\t\t<h3 class=\"elementor-heading-title elementor-size-default\">\u200bTransformaci\u00f3n digital, tecnolog\u00eda, data, eventos, estudios y mucho m\u00e1s. Todo lo que necesitas conocer de la <span class=\"rojoIsdi comillasIsdiShort\">actualidad del mundo digital<\/span> lo encontrar\u00e1s aqu\u00ed. Y todo lo que quieras aprender del mundo digital lo encontrar\u00e1s en nuestros programas y m\u00e1sters.<\/h3>\t\t\t\t<\/div>\n\t\t\t\t<\/div>\n\t\t\t\t\t<\/div>\n\t\t\t\t<\/div>\n\t\t<div class=\"elementor-element elementor-element-215f65c e-flex e-con-boxed e-con e-parent\" data-id=\"215f65c\" data-element_type=\"container\" data-e-type=\"container\">\n\t\t\t\t\t<div class=\"e-con-inner\">\n\t\t\t\t<div class=\"elementor-element elementor-element-9d0446a elementor-widget elementor-widget-shortcode\" data-id=\"9d0446a\" data-element_type=\"widget\" data-e-type=\"widget\" data-widget_type=\"shortcode.default\">\n\t\t\t\t<div class=\"elementor-widget-container\">\n\t\t\t\t\t\t\t<div class=\"elementor-shortcode\"><form id=\"blogFiltersForm\" action=\"https:\/\/www.isdi.education\/en\/blog\" method=\"get\"><div class=\"filtroBlock\"><label for=\"categoria\">Categor\u00eda<\/label><select name=\"categoria\" id=\"categoria\"><option value=\"\">Todas<\/option><\/select><\/div><div class=\"filtroBlock submit\"><input id=\"filtrarBlogButton\" type=\"submit\" value=\"Aplicar\"><\/div><\/form><script>\n        document.getElementById(\"filtrarBlogButton\").addEventListener(\"click\", function(event) {\n            event.preventDefault();\n            var nexus = \"?\";\n            var autor = null;\n            var autorElement = document.getElementById(\"autor\");\n            if (autorElement) {\n                autor = autorElement.value;\n            }\n            var categoris = null;\n\t    var categoriaElement = document.getElementById(\"categoria\");\n\t    if (categoriaElement) {\n\t\tcategoria = categoriaElement.value;\n\t    }\n            var url = \"https:\/\/www.isdi.education\/en\/blog\";\n            if (autor) {\n                url = url + \"?autor=\" + autor;\n                nexus = \"&\";\n            }\n            if (categoria) {\n                url = url + nexus+ \"categoria=\" + categoria;\n            }\n            window.location.href = url;\n        });\n    <\/script><\/div>\n\t\t\t\t\t\t<\/div>\n\t\t\t\t<\/div>\n\t\t\t\t<div class=\"elementor-element elementor-element-2e1a6ff mainBlogContent elementor-grid-3 elementor-grid-tablet-2 elementor-grid-mobile-1 elementor-widget elementor-widget-loop-grid\" data-id=\"2e1a6ff\" data-element_type=\"widget\" data-e-type=\"widget\" data-settings=\"{&quot;template_id&quot;:&quot;1434&quot;,&quot;pagination_type&quot;:&quot;numbers&quot;,&quot;pagination_load_type&quot;:&quot;ajax&quot;,&quot;_skin&quot;:&quot;post&quot;,&quot;columns&quot;:&quot;3&quot;,&quot;columns_tablet&quot;:&quot;2&quot;,&quot;columns_mobile&quot;:&quot;1&quot;,&quot;edit_handle_selector&quot;:&quot;[data-elementor-type=\\&quot;loop-item\\&quot;]&quot;,&quot;row_gap&quot;:{&quot;unit&quot;:&quot;px&quot;,&quot;size&quot;:&quot;&quot;,&quot;sizes&quot;:[]},&quot;row_gap_tablet&quot;:{&quot;unit&quot;:&quot;px&quot;,&quot;size&quot;:&quot;&quot;,&quot;sizes&quot;:[]},&quot;row_gap_mobile&quot;:{&quot;unit&quot;:&quot;px&quot;,&quot;size&quot;:&quot;&quot;,&quot;sizes&quot;:[]}}\" data-widget_type=\"loop-grid.post\">\n\t\t\t\t<div class=\"elementor-widget-container\">\n\t\t\t\t\t\t\t<div class=\"e-loop-nothing-found-message\">\n\t\t<\/div>\n\t\t\t\t\t\t<\/div>\n\t\t\t\t<\/div>\n\t\t\t\t\t<\/div>\n\t\t\t\t<\/div>\n\t\t<div data-dce-background-color=\"#252E36\" class=\"elementor-element elementor-element-b6b8b59 e-flex e-con-boxed e-con e-parent\" data-id=\"b6b8b59\" data-element_type=\"container\" data-e-type=\"container\" data-settings=\"{&quot;background_background&quot;:&quot;classic&quot;}\">\n\t\t\t\t\t<div class=\"e-con-inner\">\n\t\t<div class=\"elementor-element elementor-element-70fed87 e-con-full e-flex e-con e-child\" data-id=\"70fed87\" data-element_type=\"container\" data-e-type=\"container\">\n\t\t\t\t<div class=\"elementor-element elementor-element-45d840a elementor-widget__width-initial elementor-widget elementor-widget-heading\" data-id=\"45d840a\" data-element_type=\"widget\" data-e-type=\"widget\" data-widget_type=\"heading.default\">\n\t\t\t\t<div class=\"elementor-widget-container\">\n\t\t\t\t\t<h2 class=\"elementor-heading-title elementor-size-default\">Art\u00edculos <span class=\"rojoIsdi comillasIsdiShort\">destacados<\/span> <\/h2>\t\t\t\t<\/div>\n\t\t\t\t<\/div>\n\t\t<div class=\"elementor-element elementor-element-3646a22 e-con-full e-flex e-con e-child\" data-id=\"3646a22\" data-element_type=\"container\" data-e-type=\"container\">\n\t\t\t\t<div class=\"elementor-element elementor-element-8c53477 elementor-pagination-type-fraction customCarousel blanco carumainblog carruselConCursor elementor-arrows-position-inside elementor-pagination-position-outside elementor-widget elementor-widget-loop-carousel\" data-id=\"8c53477\" data-element_type=\"widget\" data-e-type=\"widget\" data-settings=\"{&quot;template_id&quot;:&quot;11474&quot;,&quot;pagination&quot;:&quot;fraction&quot;,&quot;image_spacing_custom&quot;:{&quot;unit&quot;:&quot;px&quot;,&quot;size&quot;:20,&quot;sizes&quot;:[]},&quot;slides_to_show&quot;:&quot;1&quot;,&quot;slides_to_show_tablet&quot;:&quot;1&quot;,&quot;_skin&quot;:&quot;post&quot;,&quot;slides_to_show_mobile&quot;:&quot;1&quot;,&quot;slides_to_scroll&quot;:&quot;1&quot;,&quot;edit_handle_selector&quot;:&quot;.elementor-loop-container&quot;,&quot;autoplay&quot;:&quot;yes&quot;,&quot;autoplay_speed&quot;:5000,&quot;pause_on_hover&quot;:&quot;yes&quot;,&quot;pause_on_interaction&quot;:&quot;yes&quot;,&quot;infinite&quot;:&quot;yes&quot;,&quot;speed&quot;:500,&quot;offset_sides&quot;:&quot;none&quot;,&quot;arrows&quot;:&quot;yes&quot;,&quot;image_spacing_custom_tablet&quot;:{&quot;unit&quot;:&quot;px&quot;,&quot;size&quot;:&quot;&quot;,&quot;sizes&quot;:[]},&quot;image_spacing_custom_mobile&quot;:{&quot;unit&quot;:&quot;px&quot;,&quot;size&quot;:&quot;&quot;,&quot;sizes&quot;:[]}}\" data-widget_type=\"loop-carousel.post\">\n\t\t\t\t<div class=\"elementor-widget-container\">\n\t\t\t\t\t\t\t<div class=\"e-loop-nothing-found-message\">\n\t\t<\/div>\n\t\t\t\t\t\t<\/div>\n\t\t\t\t<\/div>\n\t\t\t\t<\/div>\n\t\t\t\t<\/div>\n\t\t\t\t\t<\/div>\n\t\t\t\t<\/div>\n\t\t\t\t<\/div>\n\t\t","protected":false},"excerpt":{"rendered":"<p>BLOG \u200bTransformaci\u00f3n digital, tecnolog\u00eda, data, eventos, estudios y mucho m\u00e1s. Todo lo que necesitas conocer de la actualidad del mundo digital lo encontrar\u00e1s aqu\u00ed. Y todo lo que quieras aprender del mundo digital lo encontrar\u00e1s en nuestros programas y m\u00e1sters. Art\u00edculos destacados<\/p>\n","protected":false},"author":23,"featured_media":0,"parent":0,"menu_order":0,"comment_status":"closed","ping_status":"closed","template":"","meta":{"_acf_changed":false,"footnotes":""},"class_list":["post-11376","page","type-page","status-publish","hentry"],"acf":[],"yoast_head":"<!-- This site is optimized with the Yoast SEO plugin v27.4 - https:\/\/yoast.com\/product\/yoast-seo-wordpress\/ -->\n<title>Blog sobre negocio y marketing digital | ISDI EN<\/title>\n<meta name=\"description\" content=\"Toda la actualidad relacionada con el negocio y la transformaci\u00f3n digital.\" \/>\n<meta name=\"robots\" content=\"index, follow, max-snippet:-1, max-image-preview:large, max-video-preview:-1\" \/>\n<link rel=\"canonical\" href=\"https:\/\/www.isdi.education\/en\/blog\" \/>\n<meta property=\"og:locale\" content=\"en_US\" \/>\n<meta property=\"og:type\" content=\"article\" \/>\n<meta property=\"og:title\" content=\"Blog sobre negocio y marketing digital | ISDI EN\" \/>\n<meta property=\"og:description\" content=\"Toda la actualidad relacionada con el negocio y la transformaci\u00f3n digital.\" \/>\n<meta property=\"og:url\" content=\"https:\/\/www.isdi.education\/en\/blog\" \/>\n<meta property=\"og:site_name\" content=\"ISDI Spain\" \/>\n<meta property=\"article:publisher\" content=\"https:\/\/www.facebook.com\/isdi.education\" \/>\n<meta property=\"article:modified_time\" content=\"2025-11-25T09:25:49+00:00\" \/>\n<meta name=\"twitter:card\" content=\"summary_large_image\" \/>\n<meta name=\"twitter:label1\" content=\"Est. reading time\" \/>\n\t<meta name=\"twitter:data1\" content=\"1 minute\" \/>\n<script type=\"application\/ld+json\" class=\"yoast-schema-graph\">{\"@context\":\"https:\\\/\\\/schema.org\",\"@graph\":[{\"@type\":\"WebPage\",\"@id\":\"https:\\\/\\\/www.isdi.education\\\/en\\\/blog\",\"url\":\"https:\\\/\\\/www.isdi.education\\\/en\\\/blog\",\"name\":\"Blog sobre negocio y marketing digital | ISDI EN\",\"isPartOf\":{\"@id\":\"https:\\\/\\\/www.isdi.education\\\/en\\\/#website\"},\"datePublished\":\"2024-02-09T14:20:33+00:00\",\"dateModified\":\"2025-11-25T09:25:49+00:00\",\"description\":\"Toda la actualidad relacionada con el negocio y la transformaci\u00f3n digital.\",\"breadcrumb\":{\"@id\":\"https:\\\/\\\/www.isdi.education\\\/en\\\/blog#breadcrumb\"},\"inLanguage\":\"en-US\",\"potentialAction\":[{\"@type\":\"ReadAction\",\"target\":[\"https:\\\/\\\/www.isdi.education\\\/en\\\/blog\"]}]},{\"@type\":\"BreadcrumbList\",\"@id\":\"https:\\\/\\\/www.isdi.education\\\/en\\\/blog#breadcrumb\",\"itemListElement\":[{\"@type\":\"ListItem\",\"position\":1,\"name\":\"Portada\",\"item\":\"https:\\\/\\\/www.isdi.education\\\/en\\\/\"},{\"@type\":\"ListItem\",\"position\":2,\"name\":\"Blog\"}]},{\"@type\":\"WebSite\",\"@id\":\"https:\\\/\\\/www.isdi.education\\\/en\\\/#website\",\"url\":\"https:\\\/\\\/www.isdi.education\\\/en\\\/\",\"name\":\"ISDI Espa\u00f1a | La Escuela de Negocios de la Era Digital\",\"description\":\"Discover the training that will open the doors to the digital age. Become part of the first digital native business and management school.\",\"publisher\":{\"@id\":\"https:\\\/\\\/www.isdi.education\\\/en\\\/#organization\"},\"inLanguage\":\"en-US\"},{\"@type\":\"Organization\",\"@id\":\"https:\\\/\\\/www.isdi.education\\\/en\\\/#organization\",\"name\":\"ISDI Espa\u00f1a | La Escuela de Negocios de la Era Digital\",\"url\":\"https:\\\/\\\/www.isdi.education\\\/en\\\/\",\"logo\":{\"@type\":\"ImageObject\",\"inLanguage\":\"en-US\",\"@id\":\"https:\\\/\\\/www.isdi.education\\\/en\\\/#\\\/schema\\\/logo\\\/image\\\/\",\"url\":\"https:\\\/\\\/www.isdi.education\\\/en\\\/wp-content\\\/uploads\\\/sites\\\/7\\\/2024\\\/02\\\/cropped-Favicon.png\",\"contentUrl\":\"https:\\\/\\\/www.isdi.education\\\/en\\\/wp-content\\\/uploads\\\/sites\\\/7\\\/2024\\\/02\\\/cropped-Favicon.png\",\"width\":512,\"height\":512,\"caption\":\"ISDI Espa\u00f1a | La Escuela de Negocios de la Era Digital\"},\"image\":{\"@id\":\"https:\\\/\\\/www.isdi.education\\\/en\\\/#\\\/schema\\\/logo\\\/image\\\/\"},\"sameAs\":[\"https:\\\/\\\/www.facebook.com\\\/isdi.education\",\"https:\\\/\\\/www.linkedin.com\\\/school\\\/isdi\\\/?originalSubdomain=es\",\"https:\\\/\\\/www.instagram.com\\\/isdi_edu\\\/?hl=es\",\"https:\\\/\\\/www.tiktok.com\\\/@isdi_edu\",\"https:\\\/\\\/www.youtube.com\\\/user\\\/ISDItv\"]}]}<\/script>\n<!-- \/ Yoast SEO plugin. -->","yoast_head_json":{"title":"Blog sobre negocio y marketing digital | ISDI EN","description":"Toda la actualidad relacionada con el negocio y la transformaci\u00f3n digital.","robots":{"index":"index","follow":"follow","max-snippet":"max-snippet:-1","max-image-preview":"max-image-preview:large","max-video-preview":"max-video-preview:-1"},"canonical":"https:\/\/www.isdi.education\/en\/blog","og_locale":"en_US","og_type":"article","og_title":"Blog sobre negocio y marketing digital | ISDI EN","og_description":"Toda la actualidad relacionada con el negocio y la transformaci\u00f3n digital.","og_url":"https:\/\/www.isdi.education\/en\/blog","og_site_name":"ISDI Spain","article_publisher":"https:\/\/www.facebook.com\/isdi.education","article_modified_time":"2025-11-25T09:25:49+00:00","twitter_card":"summary_large_image","twitter_misc":{"Est. reading time":"1 minute"},"schema":{"@context":"https:\/\/schema.org","@graph":[{"@type":"WebPage","@id":"https:\/\/www.isdi.education\/en\/blog","url":"https:\/\/www.isdi.education\/en\/blog","name":"Blog sobre negocio y marketing digital | ISDI EN","isPartOf":{"@id":"https:\/\/www.isdi.education\/en\/#website"},"datePublished":"2024-02-09T14:20:33+00:00","dateModified":"2025-11-25T09:25:49+00:00","description":"Toda la actualidad relacionada con el negocio y la transformaci\u00f3n digital.","breadcrumb":{"@id":"https:\/\/www.isdi.education\/en\/blog#breadcrumb"},"inLanguage":"en-US","potentialAction":[{"@type":"ReadAction","target":["https:\/\/www.isdi.education\/en\/blog"]}]},{"@type":"BreadcrumbList","@id":"https:\/\/www.isdi.education\/en\/blog#breadcrumb","itemListElement":[{"@type":"ListItem","position":1,"name":"Portada","item":"https:\/\/www.isdi.education\/en\/"},{"@type":"ListItem","position":2,"name":"Blog"}]},{"@type":"WebSite","@id":"https:\/\/www.isdi.education\/en\/#website","url":"https:\/\/www.isdi.education\/en\/","name":"ISDI Espa\u00f1a | La Escuela de Negocios de la Era Digital","description":"Discover the training that will open the doors to the digital age. Become part of the first digital native business and management school.","publisher":{"@id":"https:\/\/www.isdi.education\/en\/#organization"},"inLanguage":"en-US"},{"@type":"Organization","@id":"https:\/\/www.isdi.education\/en\/#organization","name":"ISDI Espa\u00f1a | La Escuela de Negocios de la Era Digital","url":"https:\/\/www.isdi.education\/en\/","logo":{"@type":"ImageObject","inLanguage":"en-US","@id":"https:\/\/www.isdi.education\/en\/#\/schema\/logo\/image\/","url":"https:\/\/www.isdi.education\/en\/wp-content\/uploads\/sites\/7\/2024\/02\/cropped-Favicon.png","contentUrl":"https:\/\/www.isdi.education\/en\/wp-content\/uploads\/sites\/7\/2024\/02\/cropped-Favicon.png","width":512,"height":512,"caption":"ISDI Espa\u00f1a | La Escuela de Negocios de la Era Digital"},"image":{"@id":"https:\/\/www.isdi.education\/en\/#\/schema\/logo\/image\/"},"sameAs":["https:\/\/www.facebook.com\/isdi.education","https:\/\/www.linkedin.com\/school\/isdi\/?originalSubdomain=es","https:\/\/www.instagram.com\/isdi_edu\/?hl=es","https:\/\/www.tiktok.com\/@isdi_edu","https:\/\/www.youtube.com\/user\/ISDItv"]}]}},"_links":{"self":[{"href":"https:\/\/www.isdi.education\/en\/wp-json\/wp\/v2\/pages\/11376","targetHints":{"allow":["GET"]}}],"collection":[{"href":"https:\/\/www.isdi.education\/en\/wp-json\/wp\/v2\/pages"}],"about":[{"href":"https:\/\/www.isdi.education\/en\/wp-json\/wp\/v2\/types\/page"}],"author":[{"embeddable":true,"href":"https:\/\/www.isdi.education\/en\/wp-json\/wp\/v2\/users\/23"}],"replies":[{"embeddable":true,"href":"https:\/\/www.isdi.education\/en\/wp-json\/wp\/v2\/comments?post=11376"}],"version-history":[{"count":0,"href":"https:\/\/www.isdi.education\/en\/wp-json\/wp\/v2\/pages\/11376\/revisions"}],"wp:attachment":[{"href":"https:\/\/www.isdi.education\/en\/wp-json\/wp\/v2\/media?parent=11376"}],"curies":[{"name":"wp","href":"https:\/\/api.w.org\/{rel}","templated":true}]}}